{"id":14791,"date":"2015-09-01T00:00:00","date_gmt":"2015-08-31T22:00:00","guid":{"rendered":"https:\/\/sklep.biomus.eu\/surowce-i-odczynniki-chemiczne\/alkohol-izopropylowy-ipa-izopropanol-czysty-min-999-1l-2\/"},"modified":"2026-01-13T14:36:29","modified_gmt":"2026-01-13T13:36:29","slug":"alkohol-izopropylowy-ipa-izopropanol-czysty-min-999-1l-2","status":"publish","type":"product","link":"https:\/\/sklep.biomus.eu\/de\/surowce-i-odczynniki-chemiczne\/alkohol-izopropylowy-ipa-izopropanol-czysty-min-999-1l-2\/","title":{"rendered":"Isopropylalkohol. IPA. Isopropanol sauber min. 99,9%. Alkohol izopropylowy. IPA. Izopropanol czysty min. 99,9% 1L"},"content":{"rendered":"<p id=\"docs-internal-guid-c2886a6f-437f-05b2-6347-8ce6fa9eecfe\" dir=\"ltr\">Isopropylalkohol<\/p>\n<\/p>\n<p dir=\"ltr\">Art: sauber<\/p>\n<\/p>\n<p dir=\"ltr\">Isopropylalkohol ist ein vielseitiges und sehr h\u00e4ufig verwendetes Reinigungsmittel. Es ist chemisch neutral in Bezug auf die meisten Materialien, die in der Elektronik, Optik, Pr\u00e4zisionsindustrie und Elektrotechnik weit verbreitet sind. Es hinterl\u00e4sst keine Streifen und verdunstet auch schnell.<\/p>\n<\/p>\n<p dir=\"ltr\">Isopropanol kann zum Reinigen und Waschen verwendet werden:<\/p>\n<p dir=\"ltr\">&#8211; pr\u00e4zise elektronische Schaltkreise,<\/p>\n<p dir=\"ltr\">&#8211; Feinmechanische Ger\u00e4te,<\/p>\n<p dir=\"ltr\">&#8211; Schmiermittel,<\/p>\n<p dir=\"ltr\">&#8211; wasserfeste Tinten,<\/p>\n<p dir=\"ltr\">&#8211; W\u00e4rmeleitpasten,<\/p>\n<p dir=\"ltr\">&#8211; GSM-Telefone,<\/p>\n<p dir=\"ltr\">&#8211; optische Ger\u00e4te,<\/p>\n<p dir=\"ltr\">&#8211; Magnetk\u00f6pfe,<\/p>\n<p dir=\"ltr\">&#8211; Laufwerke,<\/p>\n<p dir=\"ltr\">&#8211; Gummiwalzen,<\/p>\n<p dir=\"ltr\">&#8211; Laserleser,<\/p>\n<p dir=\"ltr\">&#8211; pr\u00e4zise gedruckte Schaltungen,<\/p>\n<p dir=\"ltr\">&#8211; Audio- und Videoger\u00e4teantriebe.<\/p>\n<\/p>\n<p dir=\"ltr\">Isopropanol funktioniert gut in B\u00e4dern und Ultraschallreinigern.<\/p>\n","protected":false},"excerpt":{"rendered":"<p>Isopropylalkohol Art: sauber Isopropylalkohol ist ein vielseitiges und sehr h\u00e4ufig verwendetes Reinigungsmittel. Es ist chemisch neutral in Bezug auf die meisten Materialien, die in der Elektronik, Optik, Pr\u00e4zisionsindustrie und Elektrotechnik weit verbreitet sind. Es hinterl\u00e4sst keine Streifen und verdunstet auch schnell. Isopropanol kann zum Reinigen und Waschen verwendet werden: &#8211; pr\u00e4zise elektronische Schaltkreise, &#8211; Feinmechanische [&hellip;]<\/p>\n","protected":false},"featured_media":14982,"comment_status":"open","ping_status":"closed","template":"","meta":{"inline_featured_image":false},"product_brand":[],"product_cat":[1091],"product_tag":[],"class_list":{"0":"post-14791","1":"product","2":"type-product","3":"status-publish","4":"has-post-thumbnail","6":"product_cat-isopropylalkohol","8":"first","9":"instock","10":"taxable","11":"shipping-taxable","12":"purchasable","13":"product-type-simple"},"_links":{"self":[{"href":"https:\/\/sklep.biomus.eu\/de\/wp-json\/wp\/v2\/product\/14791","targetHints":{"allow":["GET"]}}],"collection":[{"href":"https:\/\/sklep.biomus.eu\/de\/wp-json\/wp\/v2\/product"}],"about":[{"href":"https:\/\/sklep.biomus.eu\/de\/wp-json\/wp\/v2\/types\/product"}],"replies":[{"embeddable":true,"href":"https:\/\/sklep.biomus.eu\/de\/wp-json\/wp\/v2\/comments?post=14791"}],"wp:featuredmedia":[{"embeddable":true,"href":"https:\/\/sklep.biomus.eu\/de\/wp-json\/wp\/v2\/media\/14982"}],"wp:attachment":[{"href":"https:\/\/sklep.biomus.eu\/de\/wp-json\/wp\/v2\/media?parent=14791"}],"wp:term":[{"taxonomy":"product_brand","embeddable":true,"href":"https:\/\/sklep.biomus.eu\/de\/wp-json\/wp\/v2\/product_brand?post=14791"},{"taxonomy":"product_cat","embeddable":true,"href":"https:\/\/sklep.biomus.eu\/de\/wp-json\/wp\/v2\/product_cat?post=14791"},{"taxonomy":"product_tag","embeddable":true,"href":"https:\/\/sklep.biomus.eu\/de\/wp-json\/wp\/v2\/product_tag?post=14791"}],"curies":[{"name":"wp","href":"https:\/\/api.w.org\/{rel}","templated":true}]}}