{"id":14826,"date":"2015-08-07T00:00:00","date_gmt":"2015-08-06T22:00:00","guid":{"rendered":"https:\/\/sklep.biomus.eu\/surowce-i-odczynniki-chemiczne\/kwas-l-askorbinowy-witamina-c-czysty-min-995-1kg-2\/"},"modified":"2026-01-13T14:36:28","modified_gmt":"2026-01-13T13:36:28","slug":"kwas-l-askorbinowy-witamina-c-czysty-min-995-1kg-2","status":"publish","type":"product","link":"https:\/\/sklep.biomus.eu\/de\/surowce-i-odczynniki-chemiczne\/kwas-l-askorbinowy-witamina-c-czysty-min-995-1kg-2\/","title":{"rendered":"L-Ascorbins\u00e4ure. Vitamin C. Reines min. 99,5%. Kwas L-askorbinowy. Witamina C. Czysty min. 99,5% 1kg"},"content":{"rendered":"<p>L-Ascorbins\u00e4ure. Vitamin C. Rein<br \/>L-Ascorbins\u00e4ure oder Vitamin C spielt eine wichtige Rolle f\u00fcr das Funktionieren lebender Organismen.<\/p>\n<p>Art: sauber<\/p>\n<p>Name: L-Ascorbins\u00e4ure<br \/>Synonyme: Nat\u00fcrliche L-Ascorbins\u00e4ure. Vitamin C. Ascorbins\u00e4ure<br \/>Genre: Sauber<br \/>Reinheit: Rein min. 99,5%<br \/>CAS-Nr .: 50-81-7<br \/>EG-Nummer: 200-066-2<br \/>Chemische Formel: C6H8O6<\/p>\n<p>Anmerkungen: Chemisches Reagenz f\u00fcr den professionellen Gebrauch.<\/p>\n","protected":false},"excerpt":{"rendered":"<p>L-Ascorbins\u00e4ure. Vitamin C. ReinL-Ascorbins\u00e4ure oder Vitamin C spielt eine wichtige Rolle f\u00fcr das Funktionieren lebender Organismen. Art: sauber Name: L-Ascorbins\u00e4ureSynonyme: Nat\u00fcrliche L-Ascorbins\u00e4ure. Vitamin C. Ascorbins\u00e4ureGenre: SauberReinheit: Rein min. 99,5%CAS-Nr .: 50-81-7EG-Nummer: 200-066-2Chemische Formel: C6H8O6 Anmerkungen: Chemisches Reagenz f\u00fcr den professionellen Gebrauch.<\/p>\n","protected":false},"featured_media":14881,"comment_status":"open","ping_status":"closed","template":"","meta":{"inline_featured_image":false},"product_brand":[],"product_cat":[1506,827],"product_tag":[],"class_list":{"0":"post-14826","1":"product","2":"type-product","3":"status-publish","4":"has-post-thumbnail","6":"product_cat-l-ascorbinsaure-vitamin-c-pur","7":"product_cat-bestseller","9":"first","10":"instock","11":"taxable","12":"shipping-taxable","13":"purchasable","14":"product-type-simple"},"_links":{"self":[{"href":"https:\/\/sklep.biomus.eu\/de\/wp-json\/wp\/v2\/product\/14826","targetHints":{"allow":["GET"]}}],"collection":[{"href":"https:\/\/sklep.biomus.eu\/de\/wp-json\/wp\/v2\/product"}],"about":[{"href":"https:\/\/sklep.biomus.eu\/de\/wp-json\/wp\/v2\/types\/product"}],"replies":[{"embeddable":true,"href":"https:\/\/sklep.biomus.eu\/de\/wp-json\/wp\/v2\/comments?post=14826"}],"wp:featuredmedia":[{"embeddable":true,"href":"https:\/\/sklep.biomus.eu\/de\/wp-json\/wp\/v2\/media\/14881"}],"wp:attachment":[{"href":"https:\/\/sklep.biomus.eu\/de\/wp-json\/wp\/v2\/media?parent=14826"}],"wp:term":[{"taxonomy":"product_brand","embeddable":true,"href":"https:\/\/sklep.biomus.eu\/de\/wp-json\/wp\/v2\/product_brand?post=14826"},{"taxonomy":"product_cat","embeddable":true,"href":"https:\/\/sklep.biomus.eu\/de\/wp-json\/wp\/v2\/product_cat?post=14826"},{"taxonomy":"product_tag","embeddable":true,"href":"https:\/\/sklep.biomus.eu\/de\/wp-json\/wp\/v2\/product_tag?post=14826"}],"curies":[{"name":"wp","href":"https:\/\/api.w.org\/{rel}","templated":true}]}}