{"id":16044,"date":"2026-02-10T13:03:43","date_gmt":"2026-02-10T12:03:43","guid":{"rendered":"https:\/\/sklep.biomus.eu\/?post_type=product&#038;p=16044"},"modified":"2026-02-10T15:08:03","modified_gmt":"2026-02-10T14:08:03","slug":"pe-flasche-verschluss-trigger-biomus-1-l-butelka-pe-biala-spryskiwacz-nakretka-biomus-1l-kopia","status":"publish","type":"product","link":"https:\/\/sklep.biomus.eu\/de\/surowce-i-odczynniki-chemiczne\/pe-flasche-verschluss-trigger-biomus-1-l-butelka-pe-biala-spryskiwacz-nakretka-biomus-1l-kopia\/","title":{"rendered":"Flasche 500ml PE Wei\u00dfe Spr\u00fchkopf Verschluss BIOMUS. Butelka 500ml PE BIA\u0141A spryskiwacz nakr\u0119tka BIOMUS"},"content":{"rendered":"<p data-start=\"494\" data-end=\"545\"><strong data-start=\"494\" data-end=\"545\">PE-Flasche + Verschluss + Trigger BIOMUS 500 ml<\/strong><\/p>\n<p data-start=\"547\" data-end=\"563\">Das Set enth\u00e4lt:<\/p>\n<ul data-start=\"565\" data-end=\"673\">\n<li data-start=\"565\" data-end=\"608\">\n<p data-start=\"567\" data-end=\"608\">PE-Flasche, Hals fi 28, 500 ml \u2013 1 Stk.<\/p>\n<\/li>\n<li data-start=\"609\" data-end=\"639\">\n<p data-start=\"611\" data-end=\"639\">Trigger-Spr\u00fchkopf \u2013 1 Stk.<\/p>\n<\/li>\n<li data-start=\"640\" data-end=\"673\">\n<p data-start=\"642\" data-end=\"673\">Verschluss (schwarz) \u2013 1 Stk.<\/p>\n<\/li>\n<\/ul>\n<p data-start=\"675\" data-end=\"705\"><strong data-start=\"675\" data-end=\"705\">Zus\u00e4tzliche Informationen:<\/strong><\/p>\n<ul data-start=\"707\" data-end=\"803\">\n<li data-start=\"707\" data-end=\"726\">\n<p data-start=\"709\" data-end=\"726\">Volumen: 500 ml<\/p>\n<\/li>\n<li data-start=\"727\" data-end=\"745\">\n<p data-start=\"729\" data-end=\"745\">Gewinde: 28 mm<\/p>\n<\/li>\n<li data-start=\"746\" data-end=\"770\">\n<p data-start=\"748\" data-end=\"770\">Gewicht: 30 g \u00b1 10 %<\/p>\n<\/li>\n<li data-start=\"771\" data-end=\"803\">\n<p data-start=\"773\" data-end=\"803\">Farbe: milchig (transparent)<\/p>\n<\/li>\n<\/ul>\n<p data-start=\"805\" data-end=\"821\"><strong data-start=\"805\" data-end=\"821\">Abmessungen:<\/strong><\/p>\n<ul data-start=\"823\" data-end=\"911\">\n<li data-start=\"823\" data-end=\"861\">\n<p data-start=\"825\" data-end=\"861\">Abmessungen: \u00d8 60 mm \u00d7 H\u00f6he 200 mm<\/p>\n<\/li>\n<li data-start=\"862\" data-end=\"911\">\n<p data-start=\"864\" data-end=\"911\">Sammelverpackung: Kunststoffbeutel \u2013 200 Stk.<\/p>\n<\/li>\n<\/ul>\n","protected":false},"excerpt":{"rendered":"<p>PE-Flasche + Verschluss + Trigger BIOMUS 500 ml Das Set enth\u00e4lt: PE-Flasche, Hals fi 28, 500 ml \u2013 1 Stk. Trigger-Spr\u00fchkopf \u2013 1 Stk. Verschluss (schwarz) \u2013 1 Stk. Zus\u00e4tzliche Informationen: Volumen: 500 ml Gewinde: 28 mm Gewicht: 30 g \u00b1 10 % Farbe: milchig (transparent) Abmessungen: Abmessungen: \u00d8 60 mm \u00d7 H\u00f6he 200 mm [&hellip;]<\/p>\n","protected":false},"featured_media":16134,"comment_status":"open","ping_status":"closed","template":"","meta":{"inline_featured_image":false},"product_brand":[],"product_cat":[1032],"product_tag":[],"class_list":{"0":"post-16044","1":"product","2":"type-product","3":"status-publish","4":"has-post-thumbnail","6":"product_cat-opakowania","8":"first","9":"instock","10":"taxable","11":"shipping-taxable","12":"purchasable","13":"product-type-simple"},"_links":{"self":[{"href":"https:\/\/sklep.biomus.eu\/de\/wp-json\/wp\/v2\/product\/16044","targetHints":{"allow":["GET"]}}],"collection":[{"href":"https:\/\/sklep.biomus.eu\/de\/wp-json\/wp\/v2\/product"}],"about":[{"href":"https:\/\/sklep.biomus.eu\/de\/wp-json\/wp\/v2\/types\/product"}],"replies":[{"embeddable":true,"href":"https:\/\/sklep.biomus.eu\/de\/wp-json\/wp\/v2\/comments?post=16044"}],"wp:featuredmedia":[{"embeddable":true,"href":"https:\/\/sklep.biomus.eu\/de\/wp-json\/wp\/v2\/media\/16134"}],"wp:attachment":[{"href":"https:\/\/sklep.biomus.eu\/de\/wp-json\/wp\/v2\/media?parent=16044"}],"wp:term":[{"taxonomy":"product_brand","embeddable":true,"href":"https:\/\/sklep.biomus.eu\/de\/wp-json\/wp\/v2\/product_brand?post=16044"},{"taxonomy":"product_cat","embeddable":true,"href":"https:\/\/sklep.biomus.eu\/de\/wp-json\/wp\/v2\/product_cat?post=16044"},{"taxonomy":"product_tag","embeddable":true,"href":"https:\/\/sklep.biomus.eu\/de\/wp-json\/wp\/v2\/product_tag?post=16044"}],"curies":[{"name":"wp","href":"https:\/\/api.w.org\/{rel}","templated":true}]}}