{"id":16365,"date":"2026-02-20T11:50:22","date_gmt":"2026-02-20T10:50:22","guid":{"rendered":"https:\/\/sklep.biomus.eu\/?post_type=product&#038;p=16365"},"modified":"2026-02-20T11:53:05","modified_gmt":"2026-02-20T10:53:05","slug":"inulin-lnulina-5kg-kopia","status":"publish","type":"product","link":"https:\/\/sklep.biomus.eu\/de\/surowce-i-odczynniki-chemiczne\/inulin-lnulina-5kg-kopia\/","title":{"rendered":"Inulin. lnulina 25kg"},"content":{"rendered":"<p data-start=\"373\" data-end=\"400\"><strong data-start=\"373\" data-end=\"400\">Inulin BIOMUS 25kg<\/strong><\/p>\n<p data-start=\"402\" data-end=\"416\">Name: Inulin<\/p>\n<p data-start=\"418\" data-end=\"444\">Synonyme: Inulin, Inulin<\/p>\n<p data-start=\"446\" data-end=\"462\">Qualit\u00e4t: Rein<\/p>\n<p data-start=\"464\" data-end=\"484\">CAS-Nr.: 9005-80-5<\/p>\n<p data-start=\"486\" data-end=\"505\">EG-Nr.: 232-684-3<\/p>\n<p data-start=\"507\" data-end=\"593\">Inulin ist ein pflanzliches Polysaccharid aus der Gruppe der Fruktane (Polyfruktan).<\/p>\n<p data-start=\"595\" data-end=\"665\">Der Stoff ist gem\u00e4\u00df den GHS-Kriterien nicht als gef\u00e4hrlich eingestuft.<\/p>\n","protected":false},"excerpt":{"rendered":"<p>Inulin BIOMUS 25kg Name: Inulin Synonyme: Inulin, Inulin Qualit\u00e4t: Rein CAS-Nr.: 9005-80-5 EG-Nr.: 232-684-3 Inulin ist ein pflanzliches Polysaccharid aus der Gruppe der Fruktane (Polyfruktan). Der Stoff ist gem\u00e4\u00df den GHS-Kriterien nicht als gef\u00e4hrlich eingestuft.<\/p>\n","protected":false},"featured_media":16369,"comment_status":"open","ping_status":"closed","template":"","meta":{"inline_featured_image":false},"product_brand":[],"product_cat":[1714],"product_tag":[],"class_list":{"0":"post-16365","1":"product","2":"type-product","3":"status-publish","4":"has-post-thumbnail","6":"product_cat-inulin","8":"first","9":"outofstock","10":"taxable","11":"shipping-taxable","12":"purchasable","13":"product-type-simple"},"_links":{"self":[{"href":"https:\/\/sklep.biomus.eu\/de\/wp-json\/wp\/v2\/product\/16365","targetHints":{"allow":["GET"]}}],"collection":[{"href":"https:\/\/sklep.biomus.eu\/de\/wp-json\/wp\/v2\/product"}],"about":[{"href":"https:\/\/sklep.biomus.eu\/de\/wp-json\/wp\/v2\/types\/product"}],"replies":[{"embeddable":true,"href":"https:\/\/sklep.biomus.eu\/de\/wp-json\/wp\/v2\/comments?post=16365"}],"wp:featuredmedia":[{"embeddable":true,"href":"https:\/\/sklep.biomus.eu\/de\/wp-json\/wp\/v2\/media\/16369"}],"wp:attachment":[{"href":"https:\/\/sklep.biomus.eu\/de\/wp-json\/wp\/v2\/media?parent=16365"}],"wp:term":[{"taxonomy":"product_brand","embeddable":true,"href":"https:\/\/sklep.biomus.eu\/de\/wp-json\/wp\/v2\/product_brand?post=16365"},{"taxonomy":"product_cat","embeddable":true,"href":"https:\/\/sklep.biomus.eu\/de\/wp-json\/wp\/v2\/product_cat?post=16365"},{"taxonomy":"product_tag","embeddable":true,"href":"https:\/\/sklep.biomus.eu\/de\/wp-json\/wp\/v2\/product_tag?post=16365"}],"curies":[{"name":"wp","href":"https:\/\/api.w.org\/{rel}","templated":true}]}}