{"id":16646,"date":"2026-03-04T09:51:10","date_gmt":"2026-03-04T08:51:10","guid":{"rendered":"https:\/\/sklep.biomus.eu\/?post_type=product&#038;p=16646"},"modified":"2026-03-06T10:27:03","modified_gmt":"2026-03-06T09:27:03","slug":"flasche-500ml-pe-weise-spruhkopf-verschluss-biomus-butelka-500ml-pe-biala-spryskiwacz-nakretka-biomus-kopia","status":"publish","type":"product","link":"https:\/\/sklep.biomus.eu\/de\/surowce-i-odczynniki-chemiczne\/flasche-500ml-pe-weise-spruhkopf-verschluss-biomus-butelka-500ml-pe-biala-spryskiwacz-nakretka-biomus-kopia\/","title":{"rendered":"Nitrilhandschuhe Gr\u00f6\u00dfe S Blaue. R\u0119kawiczki nitrylowe rozm. S niebieskie"},"content":{"rendered":"<p data-start=\"269\" data-end=\"306\"><strong data-start=\"269\" data-end=\"306\">easyCARE NITRILHANDSCHUHE Gr\u00f6\u00dfe S<\/strong><\/p>\n<ul data-start=\"308\" data-end=\"367\">\n<li data-start=\"308\" data-end=\"318\">\n<p data-start=\"310\" data-end=\"318\">Nitril<\/p>\n<\/li>\n<li data-start=\"319\" data-end=\"332\">\n<p data-start=\"321\" data-end=\"332\">puderfrei<\/p>\n<\/li>\n<li data-start=\"333\" data-end=\"341\">\n<p data-start=\"335\" data-end=\"341\">blau<\/p>\n<\/li>\n<li data-start=\"342\" data-end=\"367\">\n<p data-start=\"344\" data-end=\"367\">100 St\u00fcck pro Packung<\/p>\n<\/li>\n<\/ul>\n<p data-start=\"369\" data-end=\"492\" data-is-last-node=\"\" data-is-only-node=\"\"><strong data-start=\"369\" data-end=\"383\">Hersteller<\/strong><br data-start=\"383\" data-end=\"386\" \/>Name: ZARYS International Group sp. z o.o. sp. k.<br data-start=\"435\" data-end=\"438\" \/>Land: Polen<br data-start=\"449\" data-end=\"452\" \/>Adresse: ul. Pod Borem 18, 41-808 Zabrze<\/p>\n","protected":false},"excerpt":{"rendered":"<p>easyCARE NITRILHANDSCHUHE Gr\u00f6\u00dfe S Nitril puderfrei blau 100 St\u00fcck pro Packung HerstellerName: ZARYS International Group sp. z o.o. sp. k.Land: PolenAdresse: ul. Pod Borem 18, 41-808 Zabrze<\/p>\n","protected":false},"featured_media":16649,"comment_status":"open","ping_status":"closed","template":"","meta":{"inline_featured_image":false},"product_brand":[],"product_cat":[1032],"product_tag":[],"class_list":{"0":"post-16646","1":"product","2":"type-product","3":"status-publish","4":"has-post-thumbnail","6":"product_cat-opakowania","8":"first","9":"instock","10":"taxable","11":"shipping-taxable","12":"purchasable","13":"product-type-simple"},"_links":{"self":[{"href":"https:\/\/sklep.biomus.eu\/de\/wp-json\/wp\/v2\/product\/16646","targetHints":{"allow":["GET"]}}],"collection":[{"href":"https:\/\/sklep.biomus.eu\/de\/wp-json\/wp\/v2\/product"}],"about":[{"href":"https:\/\/sklep.biomus.eu\/de\/wp-json\/wp\/v2\/types\/product"}],"replies":[{"embeddable":true,"href":"https:\/\/sklep.biomus.eu\/de\/wp-json\/wp\/v2\/comments?post=16646"}],"wp:featuredmedia":[{"embeddable":true,"href":"https:\/\/sklep.biomus.eu\/de\/wp-json\/wp\/v2\/media\/16649"}],"wp:attachment":[{"href":"https:\/\/sklep.biomus.eu\/de\/wp-json\/wp\/v2\/media?parent=16646"}],"wp:term":[{"taxonomy":"product_brand","embeddable":true,"href":"https:\/\/sklep.biomus.eu\/de\/wp-json\/wp\/v2\/product_brand?post=16646"},{"taxonomy":"product_cat","embeddable":true,"href":"https:\/\/sklep.biomus.eu\/de\/wp-json\/wp\/v2\/product_cat?post=16646"},{"taxonomy":"product_tag","embeddable":true,"href":"https:\/\/sklep.biomus.eu\/de\/wp-json\/wp\/v2\/product_tag?post=16646"}],"curies":[{"name":"wp","href":"https:\/\/api.w.org\/{rel}","templated":true}]}}