{"id":18226,"date":"2026-05-15T10:05:43","date_gmt":"2026-05-15T08:05:43","guid":{"rendered":"https:\/\/sklep.biomus.eu\/?post_type=product&#038;p=18226"},"modified":"2026-05-15T10:11:48","modified_gmt":"2026-05-15T08:11:48","slug":"inositol-inozytol-500g-kopia-2","status":"publish","type":"product","link":"https:\/\/sklep.biomus.eu\/de\/surowce-i-odczynniki-chemiczne\/inositol-inozytol-500g-kopia-2\/","title":{"rendered":"Inositol. Inozytol 1kg"},"content":{"rendered":"<p data-start=\"566\" data-end=\"592\"><strong data-start=\"566\" data-end=\"590\">Inositol BIOMUS 1kg<\/strong><\/p>\n<p data-start=\"594\" data-end=\"618\"><strong data-start=\"594\" data-end=\"603\">Name:<\/strong> Inositol Myo<\/p>\n<p data-start=\"620\" data-end=\"668\"><strong data-start=\"620\" data-end=\"633\">Synonyme:<\/strong> Inositol, Inocitol, Myo-Inositol<\/p>\n<p data-start=\"670\" data-end=\"690\"><strong data-start=\"670\" data-end=\"683\">Reinheit:<\/strong> Rein<\/p>\n<p data-start=\"692\" data-end=\"723\"><strong data-start=\"692\" data-end=\"713\">Chemische Formel:<\/strong> C6H12O6<\/p>\n<p data-start=\"725\" data-end=\"750\"><strong data-start=\"725\" data-end=\"740\">CAS-Nummer:<\/strong> 87-89-8<\/p>\n<p data-start=\"752\" data-end=\"778\"><strong data-start=\"752\" data-end=\"766\">EG-Nummer:<\/strong> 201-781-2<\/p>\n<p data-start=\"780\" data-end=\"960\">Inositol (Myo-Inositol) ist eine organische chemische Verbindung aus der Gruppe der Polyole, gesch\u00e4tzt f\u00fcr ihre Stabilit\u00e4t und vielseitigen physikalisch-chemischen Eigenschaften.<\/p>\n<p data-start=\"962\" data-end=\"1037\">Der Stoff ist nach den Kriterien des GHS nicht als gef\u00e4hrlich eingestuft.<\/p>\n","protected":false},"excerpt":{"rendered":"<p>Inositol BIOMUS 1kg Name: Inositol Myo Synonyme: Inositol, Inocitol, Myo-Inositol Reinheit: Rein Chemische Formel: C6H12O6 CAS-Nummer: 87-89-8 EG-Nummer: 201-781-2 Inositol (Myo-Inositol) ist eine organische chemische Verbindung aus der Gruppe der Polyole, gesch\u00e4tzt f\u00fcr ihre Stabilit\u00e4t und vielseitigen physikalisch-chemischen Eigenschaften. Der Stoff ist nach den Kriterien des GHS nicht als gef\u00e4hrlich eingestuft.<\/p>\n","protected":false},"featured_media":16258,"comment_status":"open","ping_status":"closed","template":"","meta":{"inline_featured_image":false},"product_brand":[],"product_cat":[],"product_tag":[],"class_list":{"0":"post-18226","1":"product","2":"type-product","3":"status-publish","4":"has-post-thumbnail","7":"first","8":"instock","9":"taxable","10":"shipping-taxable","11":"purchasable","12":"product-type-simple"},"_links":{"self":[{"href":"https:\/\/sklep.biomus.eu\/de\/wp-json\/wp\/v2\/product\/18226","targetHints":{"allow":["GET"]}}],"collection":[{"href":"https:\/\/sklep.biomus.eu\/de\/wp-json\/wp\/v2\/product"}],"about":[{"href":"https:\/\/sklep.biomus.eu\/de\/wp-json\/wp\/v2\/types\/product"}],"replies":[{"embeddable":true,"href":"https:\/\/sklep.biomus.eu\/de\/wp-json\/wp\/v2\/comments?post=18226"}],"wp:featuredmedia":[{"embeddable":true,"href":"https:\/\/sklep.biomus.eu\/de\/wp-json\/wp\/v2\/media\/16258"}],"wp:attachment":[{"href":"https:\/\/sklep.biomus.eu\/de\/wp-json\/wp\/v2\/media?parent=18226"}],"wp:term":[{"taxonomy":"product_brand","embeddable":true,"href":"https:\/\/sklep.biomus.eu\/de\/wp-json\/wp\/v2\/product_brand?post=18226"},{"taxonomy":"product_cat","embeddable":true,"href":"https:\/\/sklep.biomus.eu\/de\/wp-json\/wp\/v2\/product_cat?post=18226"},{"taxonomy":"product_tag","embeddable":true,"href":"https:\/\/sklep.biomus.eu\/de\/wp-json\/wp\/v2\/product_tag?post=18226"}],"curies":[{"name":"wp","href":"https:\/\/api.w.org\/{rel}","templated":true}]}}