{"id":9232,"date":"2025-08-12T12:36:11","date_gmt":"2025-08-12T10:36:11","guid":{"rendered":"https:\/\/sklep.biomus.eu\/surowce-i-odczynniki-chemiczne\/nac-n-acetylo-l-cysteina-250g-2\/"},"modified":"2025-12-09T22:32:36","modified_gmt":"2025-12-09T21:32:36","slug":"nac-n-acetylo-l-cysteina-250g-2","status":"publish","type":"product","link":"https:\/\/sklep.biomus.eu\/de\/surowce-i-odczynniki-chemiczne\/nac-n-acetylo-l-cysteina-250g-2\/","title":{"rendered":"NAC N-Acetyl-L-Cystein 250g"},"content":{"rendered":"<p data-start=\"559\" data-end=\"580\">NAC BIOMUS 250g<\/p>\n<p data-start=\"587\" data-end=\"613\">Name: N-Acetyl-L-Cystein<\/p>\n<p data-start=\"620\" data-end=\"690\">Synonyme: Acetylcystein, L-alpha-acetamido-beta-mercaptopropions\u00e4ure<\/p>\n<p data-start=\"697\" data-end=\"713\">Qualit\u00e4t: Rein<\/p>\n<p data-start=\"720\" data-end=\"739\">CAS-Nr.: 616-91-1<\/p>\n<p data-start=\"746\" data-end=\"765\">EG-Nr.: 210-498-3<\/p>\n<p data-start=\"746\" data-end=\"765\">\n<p data-start=\"772\" data-end=\"798\">N-Acetyl-L-Cystein (NAC)<\/p>\n<p data-start=\"805\" data-end=\"955\">N-Acetyl-L-Cystein (NAC) ist ein Derivat der Aminos\u00e4ure L-Cystein, das eine Thiolgruppe (-SH) enth\u00e4lt, die ihm antioxidative Eigenschaften verleiht.<\/p>\n","protected":false},"excerpt":{"rendered":"<p>NAC BIOMUS 250g Name: N-Acetyl-L-Cystein Synonyme: Acetylcystein, L-alpha-acetamido-beta-mercaptopropions\u00e4ure Qualit\u00e4t: Rein CAS-Nr.: 616-91-1 EG-Nr.: 210-498-3 N-Acetyl-L-Cystein (NAC) N-Acetyl-L-Cystein (NAC) ist ein Derivat der Aminos\u00e4ure L-Cystein, das eine Thiolgruppe (-SH) enth\u00e4lt, die ihm antioxidative Eigenschaften verleiht.<\/p>\n","protected":false},"featured_media":9228,"comment_status":"open","ping_status":"closed","template":"","meta":{"inline_featured_image":false},"product_brand":[],"product_cat":[1043],"product_tag":[],"class_list":{"0":"post-9232","1":"product","2":"type-product","3":"status-publish","4":"has-post-thumbnail","6":"product_cat-nac-n-acetyl-l-cystein","8":"first","9":"instock","10":"taxable","11":"shipping-taxable","12":"purchasable","13":"product-type-simple"},"_links":{"self":[{"href":"https:\/\/sklep.biomus.eu\/de\/wp-json\/wp\/v2\/product\/9232","targetHints":{"allow":["GET"]}}],"collection":[{"href":"https:\/\/sklep.biomus.eu\/de\/wp-json\/wp\/v2\/product"}],"about":[{"href":"https:\/\/sklep.biomus.eu\/de\/wp-json\/wp\/v2\/types\/product"}],"replies":[{"embeddable":true,"href":"https:\/\/sklep.biomus.eu\/de\/wp-json\/wp\/v2\/comments?post=9232"}],"wp:featuredmedia":[{"embeddable":true,"href":"https:\/\/sklep.biomus.eu\/de\/wp-json\/wp\/v2\/media\/9228"}],"wp:attachment":[{"href":"https:\/\/sklep.biomus.eu\/de\/wp-json\/wp\/v2\/media?parent=9232"}],"wp:term":[{"taxonomy":"product_brand","embeddable":true,"href":"https:\/\/sklep.biomus.eu\/de\/wp-json\/wp\/v2\/product_brand?post=9232"},{"taxonomy":"product_cat","embeddable":true,"href":"https:\/\/sklep.biomus.eu\/de\/wp-json\/wp\/v2\/product_cat?post=9232"},{"taxonomy":"product_tag","embeddable":true,"href":"https:\/\/sklep.biomus.eu\/de\/wp-json\/wp\/v2\/product_tag?post=9232"}],"curies":[{"name":"wp","href":"https:\/\/api.w.org\/{rel}","templated":true}]}}