{"id":9252,"date":"2025-08-12T12:18:45","date_gmt":"2025-08-12T10:18:45","guid":{"rendered":"https:\/\/sklep.biomus.eu\/surowce-i-odczynniki-chemiczne\/syrop-glukozowy-proszek-3kg-2\/"},"modified":"2025-12-09T22:32:43","modified_gmt":"2025-12-09T21:32:43","slug":"syrop-glukozowy-proszek-3kg-2","status":"publish","type":"product","link":"https:\/\/sklep.biomus.eu\/de\/surowce-i-odczynniki-chemiczne\/syrop-glukozowy-proszek-3kg-2\/","title":{"rendered":"Glukosesirup-Pulver. Syrop glukozowy w proszku 3kg"},"content":{"rendered":"<p data-start=\"513\" data-end=\"548\">Glukosesirup BIOMUS 3kg<\/p>\n<p data-start=\"589\" data-end=\"645\">Synonyme: Glukosesirup, glucose syrup, gluk\u00f3zov\u00fd sirup<\/p>\n<p data-start=\"652\" data-end=\"668\">Qualit\u00e4t: Rein<\/p>\n<p data-start=\"675\" data-end=\"695\">CAS-Nr.: 8029-43-4<\/p>\n<p data-start=\"675\" data-end=\"695\">\n<p data-start=\"702\" data-end=\"716\">Glukosesirup<\/p>\n<p data-start=\"723\" data-end=\"874\">Glukosesirup (DE 30-32) liegt als hygroskopisches Pulver vor, das sich durch eine sehr gute Wasserl\u00f6slichkeit und einen neutralen Geruch auszeichnet.<\/p>\n<p data-start=\"881\" data-end=\"895\">Form: Pulver<\/p><\/p>\n","protected":false},"excerpt":{"rendered":"<p>Glukosesirup BIOMUS 3kg Synonyme: Glukosesirup, glucose syrup, gluk\u00f3zov\u00fd sirup Qualit\u00e4t: Rein CAS-Nr.: 8029-43-4 Glukosesirup Glukosesirup (DE 30-32) liegt als hygroskopisches Pulver vor, das sich durch eine sehr gute Wasserl\u00f6slichkeit und einen neutralen Geruch auszeichnet. Form: Pulver<\/p>\n","protected":false},"featured_media":9248,"comment_status":"open","ping_status":"closed","template":"","meta":{"inline_featured_image":false},"product_brand":[],"product_cat":[1046],"product_tag":[],"class_list":{"0":"post-9252","1":"product","2":"type-product","3":"status-publish","4":"has-post-thumbnail","6":"product_cat-glukosesirup","8":"first","9":"instock","10":"taxable","11":"shipping-taxable","12":"purchasable","13":"product-type-simple"},"_links":{"self":[{"href":"https:\/\/sklep.biomus.eu\/de\/wp-json\/wp\/v2\/product\/9252","targetHints":{"allow":["GET"]}}],"collection":[{"href":"https:\/\/sklep.biomus.eu\/de\/wp-json\/wp\/v2\/product"}],"about":[{"href":"https:\/\/sklep.biomus.eu\/de\/wp-json\/wp\/v2\/types\/product"}],"replies":[{"embeddable":true,"href":"https:\/\/sklep.biomus.eu\/de\/wp-json\/wp\/v2\/comments?post=9252"}],"wp:featuredmedia":[{"embeddable":true,"href":"https:\/\/sklep.biomus.eu\/de\/wp-json\/wp\/v2\/media\/9248"}],"wp:attachment":[{"href":"https:\/\/sklep.biomus.eu\/de\/wp-json\/wp\/v2\/media?parent=9252"}],"wp:term":[{"taxonomy":"product_brand","embeddable":true,"href":"https:\/\/sklep.biomus.eu\/de\/wp-json\/wp\/v2\/product_brand?post=9252"},{"taxonomy":"product_cat","embeddable":true,"href":"https:\/\/sklep.biomus.eu\/de\/wp-json\/wp\/v2\/product_cat?post=9252"},{"taxonomy":"product_tag","embeddable":true,"href":"https:\/\/sklep.biomus.eu\/de\/wp-json\/wp\/v2\/product_tag?post=9252"}],"curies":[{"name":"wp","href":"https:\/\/api.w.org\/{rel}","templated":true}]}}