{"id":9428,"date":"2025-07-01T15:20:38","date_gmt":"2025-07-01T13:20:38","guid":{"rendered":"https:\/\/sklep.biomus.eu\/surowce-i-odczynniki-chemiczne\/magnezja-w-plynie-kremie-250ml-2\/"},"modified":"2025-12-09T22:33:39","modified_gmt":"2025-12-09T21:33:39","slug":"magnezja-w-plynie-kremie-250ml-2","status":"publish","type":"product","link":"https:\/\/sklep.biomus.eu\/de\/surowce-i-odczynniki-chemiczne\/magnezja-w-plynie-kremie-250ml-2\/","title":{"rendered":"Magnezja w p\u0142ynie. Magnesiumcreme. Fl\u00fcssiges Magnesium 250ml"},"content":{"rendered":"<p data-start=\"123\" data-end=\"177\">Magnesiumcreme \/ Fl\u00fcssiges Magnesium BIOMUS 250 ml<\/p>\n<p data-start=\"181\" data-end=\"200\">Produkt aus POLEN<\/p>\n<p data-start=\"203\" data-end=\"227\">Dichte, cremige Formel<\/p>\n<p data-start=\"230\" data-end=\"253\">Maximale Ergiebigkeit<\/p>\n<p data-start=\"256\" data-end=\"279\">Praktische Verpackung<\/p>\n<p data-start=\"281\" data-end=\"435\">Name: Magnesia, Liquid Chalk, Fl\u00fcssiges Magnesium, Tekut\u00e1 Magn\u00e9zia<br data-start=\"351\" data-end=\"354\" \/> Synonyme: Magnesiumcreme, dickfl\u00fcssiges Magnesium<br data-start=\"407\" data-end=\"410\" \/> Reinheitsgrad: Rein<\/p>\n<p data-start=\"437\" data-end=\"705\">Die professionelle Magnesiumcreme ist ein Produkt, das f\u00fcr Situationen entwickelt wurde, in denen eine erh\u00f6hte Oberfl\u00e4chenhaftung erforderlich ist. Die cremige Konsistenz erm\u00f6glicht eine einfache und pr\u00e4zise Anwendung, reduziert Staubbildung und \u00fcberm\u00e4\u00dfigen Verbrauch.<\/p>\n<p data-start=\"707\" data-end=\"728\">Produkt aus POLEN<\/p>\n<p data-start=\"732\" data-end=\"779\">Gebrauchsfertig \u2013 kein Verd\u00fcnnen erforderlich<\/p>\n<p data-start=\"782\" data-end=\"836\">Entwickelt und hergestellt in einem polnischen Labor<\/p>\n<p data-start=\"839\" data-end=\"879\">Enth\u00e4lt hochwertiges Magnesiumcarbonat<\/p>\n<p data-start=\"882\" data-end=\"909\">Schnell trocknende Formel<\/p>\n<p data-start=\"912\" data-end=\"933\">Sparsamer Verbrauch<\/p>\n<p data-start=\"936\" data-end=\"959\">Praktische Verpackung<\/p>\n<p data-start=\"962\" data-end=\"1005\">Verschiedene Verpackungsgr\u00f6\u00dfen erh\u00e4ltlich<\/p>\n<p data-start=\"1007\" data-end=\"1183\">Inhaltsstoffe:<br data-start=\"1025\" data-end=\"1028\" \/> Ethanol CAS: 64-17-5, EG: 200-578-6<br data-start=\"1063\" data-end=\"1066\" \/> Magnesiumhydrogencarbonat CAS: 12125-28-9, EG: 235-192-7<br data-start=\"1122\" data-end=\"1125\" \/> Wasser CAS: 7732-18-5, EG: 231-791-2<br data-start=\"1161\" data-end=\"1164\" \/> HPMC CAS: 9004-65-3<\/p>\n","protected":false},"excerpt":{"rendered":"<p>Magnesiumcreme \/ Fl\u00fcssiges Magnesium BIOMUS 250 ml Produkt aus POLEN Dichte, cremige Formel Maximale Ergiebigkeit Praktische Verpackung Name: Magnesia, Liquid Chalk, Fl\u00fcssiges Magnesium, Tekut\u00e1 Magn\u00e9zia Synonyme: Magnesiumcreme, dickfl\u00fcssiges Magnesium Reinheitsgrad: Rein Die professionelle Magnesiumcreme ist ein Produkt, das f\u00fcr Situationen entwickelt wurde, in denen eine erh\u00f6hte Oberfl\u00e4chenhaftung erforderlich ist. Die cremige Konsistenz erm\u00f6glicht eine einfache [&hellip;]<\/p>\n","protected":false},"featured_media":9423,"comment_status":"open","ping_status":"closed","template":"","meta":{"inline_featured_image":false},"product_brand":[],"product_cat":[1097],"product_tag":[],"class_list":{"0":"post-9428","1":"product","2":"type-product","3":"status-publish","4":"has-post-thumbnail","6":"product_cat-magnesiumcreme-flussiges-magnesium","8":"first","9":"instock","10":"taxable","11":"shipping-taxable","12":"purchasable","13":"product-type-simple"},"_links":{"self":[{"href":"https:\/\/sklep.biomus.eu\/de\/wp-json\/wp\/v2\/product\/9428","targetHints":{"allow":["GET"]}}],"collection":[{"href":"https:\/\/sklep.biomus.eu\/de\/wp-json\/wp\/v2\/product"}],"about":[{"href":"https:\/\/sklep.biomus.eu\/de\/wp-json\/wp\/v2\/types\/product"}],"replies":[{"embeddable":true,"href":"https:\/\/sklep.biomus.eu\/de\/wp-json\/wp\/v2\/comments?post=9428"}],"wp:featuredmedia":[{"embeddable":true,"href":"https:\/\/sklep.biomus.eu\/de\/wp-json\/wp\/v2\/media\/9423"}],"wp:attachment":[{"href":"https:\/\/sklep.biomus.eu\/de\/wp-json\/wp\/v2\/media?parent=9428"}],"wp:term":[{"taxonomy":"product_brand","embeddable":true,"href":"https:\/\/sklep.biomus.eu\/de\/wp-json\/wp\/v2\/product_brand?post=9428"},{"taxonomy":"product_cat","embeddable":true,"href":"https:\/\/sklep.biomus.eu\/de\/wp-json\/wp\/v2\/product_cat?post=9428"},{"taxonomy":"product_tag","embeddable":true,"href":"https:\/\/sklep.biomus.eu\/de\/wp-json\/wp\/v2\/product_tag?post=9428"}],"curies":[{"name":"wp","href":"https:\/\/api.w.org\/{rel}","templated":true}]}}