{"id":9449,"date":"2025-06-27T14:01:47","date_gmt":"2025-06-27T12:01:47","guid":{"rendered":"https:\/\/sklep.biomus.eu\/surowce-i-odczynniki-chemiczne\/pektyna-cytrusowa-3kg-2\/"},"modified":"2025-12-09T22:33:46","modified_gmt":"2025-12-09T21:33:46","slug":"pektyna-cytrusowa-3kg-2","status":"publish","type":"product","link":"https:\/\/sklep.biomus.eu\/de\/surowce-i-odczynniki-chemiczne\/pektyna-cytrusowa-3kg-2\/","title":{"rendered":"Zitruspektin. Pektyna cytrusowa 3kg"},"content":{"rendered":"<p data-start=\"541\" data-end=\"771\">Zitruspektin 3kg<\/p>\n<p>Geliermittel,<br \/>\nVerdickungsmittel<\/p>\n<p data-start=\"541\" data-end=\"771\">Bezeichnung: Niedrig methoxyliertes, amidiertes Zitruspektin<br data-start=\"660\" data-end=\"663\" \/> Synonyme: Pektin, pectin, pektin<br data-start=\"699\" data-end=\"702\" \/> Qualit\u00e4t: Rein<br data-start=\"720\" data-end=\"723\" \/> CAS-Nr.: 9000-69-5<br data-start=\"745\" data-end=\"748\" \/> EG-Nr.: 232-553-0<\/p>\n<p data-start=\"773\" data-end=\"1018\">Niedrig methoxyliertes, amidiertes Zitruspektin.<br data-start=\"821\" data-end=\"824\" \/> Ein nat\u00fcrlicher Polysaccharid pflanzlichen Ursprungs, verwendet als Gelier-, Verdickungs- und Stabilisierungsmittel.<br data-start=\"940\" data-end=\"943\" \/> Diese Substanz ist gem\u00e4\u00df den GHS-Kriterien nicht als gef\u00e4hrlich eingestuft.<\/p><\/p>\n","protected":false},"excerpt":{"rendered":"<p>Zitruspektin 3kg Geliermittel, Verdickungsmittel Bezeichnung: Niedrig methoxyliertes, amidiertes Zitruspektin Synonyme: Pektin, pectin, pektin Qualit\u00e4t: Rein CAS-Nr.: 9000-69-5 EG-Nr.: 232-553-0 Niedrig methoxyliertes, amidiertes Zitruspektin. Ein nat\u00fcrlicher Polysaccharid pflanzlichen Ursprungs, verwendet als Gelier-, Verdickungs- und Stabilisierungsmittel. Diese Substanz ist gem\u00e4\u00df den GHS-Kriterien nicht als gef\u00e4hrlich eingestuft.<\/p>\n","protected":false},"featured_media":9445,"comment_status":"open","ping_status":"closed","template":"","meta":{"inline_featured_image":false},"product_brand":[],"product_cat":[1100],"product_tag":[],"class_list":{"0":"post-9449","1":"product","2":"type-product","3":"status-publish","4":"has-post-thumbnail","6":"product_cat-pektin","8":"first","9":"instock","10":"taxable","11":"shipping-taxable","12":"purchasable","13":"product-type-simple"},"_links":{"self":[{"href":"https:\/\/sklep.biomus.eu\/de\/wp-json\/wp\/v2\/product\/9449","targetHints":{"allow":["GET"]}}],"collection":[{"href":"https:\/\/sklep.biomus.eu\/de\/wp-json\/wp\/v2\/product"}],"about":[{"href":"https:\/\/sklep.biomus.eu\/de\/wp-json\/wp\/v2\/types\/product"}],"replies":[{"embeddable":true,"href":"https:\/\/sklep.biomus.eu\/de\/wp-json\/wp\/v2\/comments?post=9449"}],"wp:featuredmedia":[{"embeddable":true,"href":"https:\/\/sklep.biomus.eu\/de\/wp-json\/wp\/v2\/media\/9445"}],"wp:attachment":[{"href":"https:\/\/sklep.biomus.eu\/de\/wp-json\/wp\/v2\/media?parent=9449"}],"wp:term":[{"taxonomy":"product_brand","embeddable":true,"href":"https:\/\/sklep.biomus.eu\/de\/wp-json\/wp\/v2\/product_brand?post=9449"},{"taxonomy":"product_cat","embeddable":true,"href":"https:\/\/sklep.biomus.eu\/de\/wp-json\/wp\/v2\/product_cat?post=9449"},{"taxonomy":"product_tag","embeddable":true,"href":"https:\/\/sklep.biomus.eu\/de\/wp-json\/wp\/v2\/product_tag?post=9449"}],"curies":[{"name":"wp","href":"https:\/\/api.w.org\/{rel}","templated":true}]}}