{"id":9470,"date":"2025-06-27T13:53:26","date_gmt":"2025-06-27T11:53:26","guid":{"rendered":"https:\/\/sklep.biomus.eu\/surowce-i-odczynniki-chemiczne\/pektyna-cytrusowa-100g-2\/"},"modified":"2025-12-09T22:33:57","modified_gmt":"2025-12-09T21:33:57","slug":"pektyna-cytrusowa-100g-2","status":"publish","type":"product","link":"https:\/\/sklep.biomus.eu\/de\/surowce-i-odczynniki-chemiczne\/pektyna-cytrusowa-100g-2\/","title":{"rendered":"Zitruspektin. Pektyna cytrusowa 100g"},"content":{"rendered":"<p data-start=\"541\" data-end=\"771\">Zitruspektin 100g<\/p>\n<p>Geliermittel,<br \/>\nVerdickungsmittel<\/p>\n<p data-start=\"541\" data-end=\"771\">Bezeichnung: Niedrig methoxyliertes, amidiertes Zitruspektin<br data-start=\"660\" data-end=\"663\" \/> Synonyme: Pektin, pectin, pektin<br data-start=\"699\" data-end=\"702\" \/> Qualit\u00e4t: Rein<br data-start=\"720\" data-end=\"723\" \/> CAS-Nr.: 9000-69-5<br data-start=\"745\" data-end=\"748\" \/> EG-Nr.: 232-553-0<\/p>\n<p data-start=\"773\" data-end=\"1018\">Niedrig methoxyliertes, amidiertes Zitruspektin.<br data-start=\"821\" data-end=\"824\" \/> Ein nat\u00fcrlicher Polysaccharid pflanzlichen Ursprungs, verwendet als Gelier-, Verdickungs- und Stabilisierungsmittel.<br data-start=\"940\" data-end=\"943\" \/> Diese Substanz ist gem\u00e4\u00df den GHS-Kriterien nicht als gef\u00e4hrlich eingestuft.<\/p><\/p>\n","protected":false},"excerpt":{"rendered":"<p>Zitruspektin 100g Geliermittel, Verdickungsmittel Bezeichnung: Niedrig methoxyliertes, amidiertes Zitruspektin Synonyme: Pektin, pectin, pektin Qualit\u00e4t: Rein CAS-Nr.: 9000-69-5 EG-Nr.: 232-553-0 Niedrig methoxyliertes, amidiertes Zitruspektin. Ein nat\u00fcrlicher Polysaccharid pflanzlichen Ursprungs, verwendet als Gelier-, Verdickungs- und Stabilisierungsmittel. Diese Substanz ist gem\u00e4\u00df den GHS-Kriterien nicht als gef\u00e4hrlich eingestuft.<\/p>\n","protected":false},"featured_media":9465,"comment_status":"open","ping_status":"closed","template":"","meta":{"inline_featured_image":false},"product_brand":[],"product_cat":[1100],"product_tag":[],"class_list":{"0":"post-9470","1":"product","2":"type-product","3":"status-publish","4":"has-post-thumbnail","6":"product_cat-pektin","8":"first","9":"instock","10":"taxable","11":"shipping-taxable","12":"purchasable","13":"product-type-simple"},"_links":{"self":[{"href":"https:\/\/sklep.biomus.eu\/de\/wp-json\/wp\/v2\/product\/9470","targetHints":{"allow":["GET"]}}],"collection":[{"href":"https:\/\/sklep.biomus.eu\/de\/wp-json\/wp\/v2\/product"}],"about":[{"href":"https:\/\/sklep.biomus.eu\/de\/wp-json\/wp\/v2\/types\/product"}],"replies":[{"embeddable":true,"href":"https:\/\/sklep.biomus.eu\/de\/wp-json\/wp\/v2\/comments?post=9470"}],"wp:featuredmedia":[{"embeddable":true,"href":"https:\/\/sklep.biomus.eu\/de\/wp-json\/wp\/v2\/media\/9465"}],"wp:attachment":[{"href":"https:\/\/sklep.biomus.eu\/de\/wp-json\/wp\/v2\/media?parent=9470"}],"wp:term":[{"taxonomy":"product_brand","embeddable":true,"href":"https:\/\/sklep.biomus.eu\/de\/wp-json\/wp\/v2\/product_brand?post=9470"},{"taxonomy":"product_cat","embeddable":true,"href":"https:\/\/sklep.biomus.eu\/de\/wp-json\/wp\/v2\/product_cat?post=9470"},{"taxonomy":"product_tag","embeddable":true,"href":"https:\/\/sklep.biomus.eu\/de\/wp-json\/wp\/v2\/product_tag?post=9470"}],"curies":[{"name":"wp","href":"https:\/\/api.w.org\/{rel}","templated":true}]}}