{"id":9484,"date":"2025-05-29T08:56:44","date_gmt":"2025-05-29T06:56:44","guid":{"rendered":"https:\/\/sklep.biomus.eu\/surowce-i-odczynniki-chemiczne\/chlorek-metylenu-5l-2\/"},"modified":"2025-12-09T22:34:03","modified_gmt":"2025-12-09T21:34:03","slug":"chlorek-metylenu-5l-2","status":"publish","type":"product","link":"https:\/\/sklep.biomus.eu\/de\/surowce-i-odczynniki-chemiczne\/chlorek-metylenu-5l-2\/","title":{"rendered":"Methylenchlorid. Chlorek metylenu 5L"},"content":{"rendered":"<p>NUR F\u00dcR UNTERNEHMEN!<\/p>\n<p>Methylenchlorid BIOMUS 5L<\/p>\n<p>Name: Methylenchlorid<\/p>\n<p>Synonyme: Dichlormethan, Methylenchlorid, Dichlormethan<\/p>\n<p>Grad: Rein<\/p>\n<p>Reinheit: Mindestens 99%<\/p>\n<p>Chemische Formel: CH2Cl2<\/p>\n<p>CAS-Nr: 75-09-2<\/p>\n<p>EG-Nr: 200-838-9<\/p>\n<p>Index-Nr: 602-004-00-3<br \/>ACHTUNG!!! NUR F\u00dcR UNTERNEHMEN!!!<\/p>\n<p>Der Verkauf dieser Substanz unterliegt Einschr\u00e4nkungen gem\u00e4\u00df geltendem Recht.<\/p>\n<p>Der Verkauf dieser Substanz ist nur f\u00fcr juristische Personen m\u00f6glich, die gesch\u00e4ftlich t\u00e4tig sind.<\/p>\n<p>Die Auftragsabwicklung erfolgt nach \u00dcberpr\u00fcfung der Kundendaten und deren Akzeptanz durch den Verk\u00e4ufer.<\/p>\n<p>Im Falle der Angabe von Daten, die nicht den oben genannten Anforderungen entsprechen, beh\u00e4lt sich der Verk\u00e4ufer das Recht vor, die Auftragsabwicklung zu verweigern.<\/p>\n","protected":false},"excerpt":{"rendered":"<p>NUR F\u00dcR UNTERNEHMEN! Methylenchlorid BIOMUS 5L Name: Methylenchlorid Synonyme: Dichlormethan, Methylenchlorid, Dichlormethan Grad: Rein Reinheit: Mindestens 99% Chemische Formel: CH2Cl2 CAS-Nr: 75-09-2 EG-Nr: 200-838-9 Index-Nr: 602-004-00-3ACHTUNG!!! NUR F\u00dcR UNTERNEHMEN!!! Der Verkauf dieser Substanz unterliegt Einschr\u00e4nkungen gem\u00e4\u00df geltendem Recht. Der Verkauf dieser Substanz ist nur f\u00fcr juristische Personen m\u00f6glich, die gesch\u00e4ftlich t\u00e4tig sind. Die Auftragsabwicklung erfolgt [&hellip;]<\/p>\n","protected":false},"featured_media":15134,"comment_status":"open","ping_status":"closed","template":"","meta":{"inline_featured_image":false},"product_brand":[],"product_cat":[1085],"product_tag":[],"class_list":{"0":"post-9484","1":"product","2":"type-product","3":"status-publish","4":"has-post-thumbnail","6":"product_cat-methylenchlorid","8":"first","9":"instock","10":"taxable","11":"shipping-taxable","12":"purchasable","13":"product-type-simple"},"_links":{"self":[{"href":"https:\/\/sklep.biomus.eu\/de\/wp-json\/wp\/v2\/product\/9484","targetHints":{"allow":["GET"]}}],"collection":[{"href":"https:\/\/sklep.biomus.eu\/de\/wp-json\/wp\/v2\/product"}],"about":[{"href":"https:\/\/sklep.biomus.eu\/de\/wp-json\/wp\/v2\/types\/product"}],"replies":[{"embeddable":true,"href":"https:\/\/sklep.biomus.eu\/de\/wp-json\/wp\/v2\/comments?post=9484"}],"wp:featuredmedia":[{"embeddable":true,"href":"https:\/\/sklep.biomus.eu\/de\/wp-json\/wp\/v2\/media\/15134"}],"wp:attachment":[{"href":"https:\/\/sklep.biomus.eu\/de\/wp-json\/wp\/v2\/media?parent=9484"}],"wp:term":[{"taxonomy":"product_brand","embeddable":true,"href":"https:\/\/sklep.biomus.eu\/de\/wp-json\/wp\/v2\/product_brand?post=9484"},{"taxonomy":"product_cat","embeddable":true,"href":"https:\/\/sklep.biomus.eu\/de\/wp-json\/wp\/v2\/product_cat?post=9484"},{"taxonomy":"product_tag","embeddable":true,"href":"https:\/\/sklep.biomus.eu\/de\/wp-json\/wp\/v2\/product_tag?post=9484"}],"curies":[{"name":"wp","href":"https:\/\/api.w.org\/{rel}","templated":true}]}}