{"id":9490,"date":"2025-05-28T15:36:55","date_gmt":"2025-05-28T13:36:55","guid":{"rendered":"https:\/\/sklep.biomus.eu\/surowce-i-odczynniki-chemiczne\/butelka-250ml-elastyczna-biala-transparentna-biomus-2\/"},"modified":"2026-02-10T13:07:57","modified_gmt":"2026-02-10T12:07:57","slug":"butelka-250ml-elastyczna-biala-transparentna-biomus-2","status":"publish","type":"product","link":"https:\/\/sklep.biomus.eu\/de\/surowce-i-odczynniki-chemiczne\/butelka-250ml-elastyczna-biala-transparentna-biomus-2\/","title":{"rendered":"Flexible Flasche BIOMUS 250 ml"},"content":{"rendered":"<p data-start=\"531\" data-end=\"565\">Flexible Flasche BIOMUS 250 ml<\/p>\n<p data-start=\"569\" data-end=\"634\">Verschluss: Flip-Top-Verschluss (im Lieferumfang enthalten)<\/p>\n<p data-start=\"637\" data-end=\"667\">Farbe: Milchig-transparent<\/p>\n<p data-start=\"669\" data-end=\"732\">Hochwertige Flasche, langlebig, stabil, \u00e4sthetisch verarbeitet.<\/p>\n<p data-start=\"736\" data-end=\"757\">Volumen: 250 ml<\/p>\n<p data-start=\"760\" data-end=\"781\">Gewinde: 21-410<\/p>\n<p data-start=\"784\" data-end=\"816\">Farbe: Milchig (transparent)<\/p>\n<p data-start=\"818\" data-end=\"836\">Abmessungen:<\/p>\n<p data-start=\"839\" data-end=\"859\">Bodenbreite: 49 mm<\/p>\n<p data-start=\"862\" data-end=\"890\">H\u00f6he ohne Verschluss: 161 mm<\/p>\n<p data-start=\"892\" data-end=\"934\">Sammelverpackung: Karton mit 357 St\u00fcck<\/p>\n<p data-start=\"1280\" data-end=\"1298\">Hauptvorteile:<\/p>\n<p data-start=\"1301\" data-end=\"1347\">Flexibles, besch\u00e4digungsresistentes Material<\/p>\n<p data-start=\"1350\" data-end=\"1413\">Milchige Transparenz zur einfachen Sichtkontrolle des Inhalts<\/p>\n<p data-start=\"1416\" data-end=\"1488\">Flip-Top-Verschluss \u2013 schnelles \u00d6ffnen und Schlie\u00dfen ohne Aufschrauben<\/p>\n<p data-start=\"1491\" data-end=\"1520\">Auslaufsichere Konstruktion<\/p>\n<p data-start=\"1523\" data-end=\"1570\">Wiederverwendbare Flasche, leicht nachf\u00fcllbar<\/p>\n<p data-start=\"1573\" data-end=\"1619\">Geeignet u.a. f\u00fcr gelartige Substanzen, Pasten<\/p>\n","protected":false},"excerpt":{"rendered":"<p>Flexible Flasche BIOMUS 250 ml Verschluss: Flip-Top-Verschluss (im Lieferumfang enthalten) Farbe: Milchig-transparent Hochwertige Flasche, langlebig, stabil, \u00e4sthetisch verarbeitet. Volumen: 250 ml Gewinde: 21-410 Farbe: Milchig (transparent) Abmessungen: Bodenbreite: 49 mm H\u00f6he ohne Verschluss: 161 mm Sammelverpackung: Karton mit 357 St\u00fcck Hauptvorteile: Flexibles, besch\u00e4digungsresistentes Material Milchige Transparenz zur einfachen Sichtkontrolle des Inhalts Flip-Top-Verschluss \u2013 schnelles \u00d6ffnen [&hellip;]<\/p>\n","protected":false},"featured_media":16046,"comment_status":"open","ping_status":"closed","template":"","meta":{"inline_featured_image":false},"product_brand":[],"product_cat":[1032],"product_tag":[],"class_list":{"0":"post-9490","1":"product","2":"type-product","3":"status-publish","4":"has-post-thumbnail","6":"product_cat-opakowania","8":"first","9":"instock","10":"taxable","11":"shipping-taxable","12":"purchasable","13":"product-type-simple"},"_links":{"self":[{"href":"https:\/\/sklep.biomus.eu\/de\/wp-json\/wp\/v2\/product\/9490","targetHints":{"allow":["GET"]}}],"collection":[{"href":"https:\/\/sklep.biomus.eu\/de\/wp-json\/wp\/v2\/product"}],"about":[{"href":"https:\/\/sklep.biomus.eu\/de\/wp-json\/wp\/v2\/types\/product"}],"replies":[{"embeddable":true,"href":"https:\/\/sklep.biomus.eu\/de\/wp-json\/wp\/v2\/comments?post=9490"}],"wp:featuredmedia":[{"embeddable":true,"href":"https:\/\/sklep.biomus.eu\/de\/wp-json\/wp\/v2\/media\/16046"}],"wp:attachment":[{"href":"https:\/\/sklep.biomus.eu\/de\/wp-json\/wp\/v2\/media?parent=9490"}],"wp:term":[{"taxonomy":"product_brand","embeddable":true,"href":"https:\/\/sklep.biomus.eu\/de\/wp-json\/wp\/v2\/product_brand?post=9490"},{"taxonomy":"product_cat","embeddable":true,"href":"https:\/\/sklep.biomus.eu\/de\/wp-json\/wp\/v2\/product_cat?post=9490"},{"taxonomy":"product_tag","embeddable":true,"href":"https:\/\/sklep.biomus.eu\/de\/wp-json\/wp\/v2\/product_tag?post=9490"}],"curies":[{"name":"wp","href":"https:\/\/api.w.org\/{rel}","templated":true}]}}