{"id":9496,"date":"2025-05-28T15:30:09","date_gmt":"2025-05-28T13:30:09","guid":{"rendered":"https:\/\/sklep.biomus.eu\/surowce-i-odczynniki-chemiczne\/butelka-100ml-elastyczna-biala-transparentna-biomus-2\/"},"modified":"2026-02-10T13:08:00","modified_gmt":"2026-02-10T12:08:00","slug":"butelka-100ml-elastyczna-biala-transparentna-biomus-2","status":"publish","type":"product","link":"https:\/\/sklep.biomus.eu\/de\/surowce-i-odczynniki-chemiczne\/butelka-100ml-elastyczna-biala-transparentna-biomus-2\/","title":{"rendered":"Flexible Flasche BIOMUS 100 ml"},"content":{"rendered":"<p data-start=\"822\" data-end=\"909\">Flexible Flasche BIOMUS 100 ml<\/p>\n<p data-start=\"913\" data-end=\"978\">Verschluss: Flip-Top-Verschluss (im Lieferumfang enthalten)<\/p>\n<p data-start=\"981\" data-end=\"1011\">Farbe: Milchig-transparent<\/p>\n<p data-start=\"1013\" data-end=\"1076\">Hochwertige Flasche, langlebig, stabil, \u00e4sthetisch verarbeitet.<\/p>\n<p data-start=\"1080\" data-end=\"1101\">Volumen: 100 ml<\/p>\n<p data-start=\"1104\" data-end=\"1125\">Gewinde: 21-410<\/p>\n<p data-start=\"1128\" data-end=\"1160\">Farbe: Milchig (transparent)<\/p>\n<p data-start=\"1162\" data-end=\"1180\">Abmessungen:<\/p>\n<p data-start=\"1183\" data-end=\"1203\">Bodenbreite: 41 mm<\/p>\n<p data-start=\"1206\" data-end=\"1234\">H\u00f6he ohne Verschluss: 106 mm<\/p>\n<p data-start=\"1236\" data-end=\"1278\">Sammelverpackung: Karton mit 450 St\u00fcck<\/p>\n<p data-start=\"1280\" data-end=\"1298\">Hauptvorteile:<\/p>\n<p data-start=\"1301\" data-end=\"1347\">Flexibles, besch\u00e4digungsresistentes Material<\/p>\n<p data-start=\"1350\" data-end=\"1413\">Milchige Transparenz zur einfachen Sichtkontrolle des Inhalts<\/p>\n<p data-start=\"1416\" data-end=\"1488\">Flip-Top-Verschluss \u2013 schnelles \u00d6ffnen und Schlie\u00dfen ohne Aufschrauben<\/p>\n<p data-start=\"1491\" data-end=\"1520\">Auslaufsichere Konstruktion<\/p>\n<p data-start=\"1523\" data-end=\"1570\">Wiederverwendbare Flasche, leicht nachf\u00fcllbar<\/p>\n<p data-start=\"1573\" data-end=\"1619\">Geeignet u.a. f\u00fcr gelartige Substanzen, Pasten<\/p>\n","protected":false},"excerpt":{"rendered":"<p>Flexible Flasche BIOMUS 100 ml Verschluss: Flip-Top-Verschluss (im Lieferumfang enthalten) Farbe: Milchig-transparent Hochwertige Flasche, langlebig, stabil, \u00e4sthetisch verarbeitet. Volumen: 100 ml Gewinde: 21-410 Farbe: Milchig (transparent) Abmessungen: Bodenbreite: 41 mm H\u00f6he ohne Verschluss: 106 mm Sammelverpackung: Karton mit 450 St\u00fcck Hauptvorteile: Flexibles, besch\u00e4digungsresistentes Material Milchige Transparenz zur einfachen Sichtkontrolle des Inhalts Flip-Top-Verschluss \u2013 schnelles \u00d6ffnen [&hellip;]<\/p>\n","protected":false},"featured_media":16048,"comment_status":"open","ping_status":"closed","template":"","meta":{"inline_featured_image":false},"product_brand":[],"product_cat":[1032],"product_tag":[],"class_list":{"0":"post-9496","1":"product","2":"type-product","3":"status-publish","4":"has-post-thumbnail","6":"product_cat-opakowania","8":"first","9":"instock","10":"taxable","11":"shipping-taxable","12":"purchasable","13":"product-type-simple"},"_links":{"self":[{"href":"https:\/\/sklep.biomus.eu\/de\/wp-json\/wp\/v2\/product\/9496","targetHints":{"allow":["GET"]}}],"collection":[{"href":"https:\/\/sklep.biomus.eu\/de\/wp-json\/wp\/v2\/product"}],"about":[{"href":"https:\/\/sklep.biomus.eu\/de\/wp-json\/wp\/v2\/types\/product"}],"replies":[{"embeddable":true,"href":"https:\/\/sklep.biomus.eu\/de\/wp-json\/wp\/v2\/comments?post=9496"}],"wp:featuredmedia":[{"embeddable":true,"href":"https:\/\/sklep.biomus.eu\/de\/wp-json\/wp\/v2\/media\/16048"}],"wp:attachment":[{"href":"https:\/\/sklep.biomus.eu\/de\/wp-json\/wp\/v2\/media?parent=9496"}],"wp:term":[{"taxonomy":"product_brand","embeddable":true,"href":"https:\/\/sklep.biomus.eu\/de\/wp-json\/wp\/v2\/product_brand?post=9496"},{"taxonomy":"product_cat","embeddable":true,"href":"https:\/\/sklep.biomus.eu\/de\/wp-json\/wp\/v2\/product_cat?post=9496"},{"taxonomy":"product_tag","embeddable":true,"href":"https:\/\/sklep.biomus.eu\/de\/wp-json\/wp\/v2\/product_tag?post=9496"}],"curies":[{"name":"wp","href":"https:\/\/api.w.org\/{rel}","templated":true}]}}