{"id":9520,"date":"2025-05-21T14:09:06","date_gmt":"2025-05-21T12:09:06","guid":{"rendered":"https:\/\/sklep.biomus.eu\/surowce-i-odczynniki-chemiczne\/woda-rozana-1l-2\/"},"modified":"2025-12-09T22:34:15","modified_gmt":"2025-12-09T21:34:15","slug":"woda-rozana-1l-2","status":"publish","type":"product","link":"https:\/\/sklep.biomus.eu\/de\/surowce-i-odczynniki-chemiczne\/woda-rozana-1l-2\/","title":{"rendered":"Rosenwasser Woda r\u00f3\u017cana 1L"},"content":{"rendered":"<p data-start=\"462\" data-end=\"494\">Rosenwasser BIOMUS 1L<\/p>\n<p data-start=\"496\" data-end=\"529\">Verpackung: Dunkelglasflasche<\/p>\n<p data-start=\"531\" data-end=\"559\">Bezeichnung: Rosenwasser<\/p>\n<p data-start=\"561\" data-end=\"729\">Synonyme: nat\u00fcrliches Bl\u00fctenwasser der Damaszener-Rose (Rosa Damascena Mill), konservierungsmittelfreies Rosenhydrolat<\/p>\n<p data-start=\"731\" data-end=\"749\">Qualit\u00e4t: Rein<\/p>\n<p data-start=\"751\" data-end=\"769\">Reinheit: Rein<\/p>\n<p data-start=\"771\" data-end=\"794\">CAS-Nr.: 90106-38-0<\/p>\n<p data-start=\"796\" data-end=\"817\">EG-Nr.: 290-260-3<\/p><\/p>\n","protected":false},"excerpt":{"rendered":"<p>Rosenwasser BIOMUS 1L Verpackung: Dunkelglasflasche Bezeichnung: Rosenwasser Synonyme: nat\u00fcrliches Bl\u00fctenwasser der Damaszener-Rose (Rosa Damascena Mill), konservierungsmittelfreies Rosenhydrolat Qualit\u00e4t: Rein Reinheit: Rein CAS-Nr.: 90106-38-0 EG-Nr.: 290-260-3<\/p>\n","protected":false},"featured_media":9516,"comment_status":"open","ping_status":"closed","template":"","meta":{"inline_featured_image":false},"product_brand":[],"product_cat":[1106],"product_tag":[],"class_list":{"0":"post-9520","1":"product","2":"type-product","3":"status-publish","4":"has-post-thumbnail","6":"product_cat-rosenwasser","8":"first","9":"outofstock","10":"taxable","11":"shipping-taxable","12":"purchasable","13":"product-type-simple"},"_links":{"self":[{"href":"https:\/\/sklep.biomus.eu\/de\/wp-json\/wp\/v2\/product\/9520","targetHints":{"allow":["GET"]}}],"collection":[{"href":"https:\/\/sklep.biomus.eu\/de\/wp-json\/wp\/v2\/product"}],"about":[{"href":"https:\/\/sklep.biomus.eu\/de\/wp-json\/wp\/v2\/types\/product"}],"replies":[{"embeddable":true,"href":"https:\/\/sklep.biomus.eu\/de\/wp-json\/wp\/v2\/comments?post=9520"}],"wp:featuredmedia":[{"embeddable":true,"href":"https:\/\/sklep.biomus.eu\/de\/wp-json\/wp\/v2\/media\/9516"}],"wp:attachment":[{"href":"https:\/\/sklep.biomus.eu\/de\/wp-json\/wp\/v2\/media?parent=9520"}],"wp:term":[{"taxonomy":"product_brand","embeddable":true,"href":"https:\/\/sklep.biomus.eu\/de\/wp-json\/wp\/v2\/product_brand?post=9520"},{"taxonomy":"product_cat","embeddable":true,"href":"https:\/\/sklep.biomus.eu\/de\/wp-json\/wp\/v2\/product_cat?post=9520"},{"taxonomy":"product_tag","embeddable":true,"href":"https:\/\/sklep.biomus.eu\/de\/wp-json\/wp\/v2\/product_tag?post=9520"}],"curies":[{"name":"wp","href":"https:\/\/api.w.org\/{rel}","templated":true}]}}