{"id":9622,"date":"2025-05-15T13:55:12","date_gmt":"2025-05-15T11:55:12","guid":{"rendered":"https:\/\/sklep.biomus.eu\/surowce-i-odczynniki-chemiczne\/oliwa-magnezowa-35-250ml-2\/"},"modified":"2025-12-09T22:34:54","modified_gmt":"2025-12-09T21:34:54","slug":"oliwa-magnezowa-35-250ml-2","status":"publish","type":"product","link":"https:\/\/sklep.biomus.eu\/de\/surowce-i-odczynniki-chemiczne\/oliwa-magnezowa-35-250ml-2\/","title":{"rendered":"Magnesium\u00f6l L\u00f6sung 35% 250ml"},"content":{"rendered":"<p data-start=\"87\" data-end=\"120\">Magnesium\u00f6l 35% 250ml<\/p>\n<p data-start=\"171\" data-end=\"199\">Bezeichnung: Magnesium\u00f6l<\/p>\n<p data-start=\"201\" data-end=\"338\">Synonyme: Magnesium\u00f6l, w\u00e4ssrige L\u00f6sung von Magnesiumchlorid-Hexahydrat, Magnesium\u00f6l L\u00f6sung, Magnesium\u00f6l-L\u00f6sung, Ho\u0159\u010d\u00edkov\u00fd olej roztok<\/p>\n<p data-start=\"340\" data-end=\"358\">Qualit\u00e4t: Rein<\/p>\n<p data-start=\"360\" data-end=\"378\">Reinheit: Rein<\/p>\n<p data-start=\"380\" data-end=\"414\">Chemische Formel: MgCl\u2082 \u00b7 6H\u2082O<\/p>\n<p data-start=\"416\" data-end=\"438\">CAS-Nr.: 7791-18-6<\/p>\n<p data-start=\"440\" data-end=\"461\">EG-Nr.: 232-094-6<\/p><\/p>\n","protected":false},"excerpt":{"rendered":"<p>Magnesium\u00f6l 35% 250ml Bezeichnung: Magnesium\u00f6l Synonyme: Magnesium\u00f6l, w\u00e4ssrige L\u00f6sung von Magnesiumchlorid-Hexahydrat, Magnesium\u00f6l L\u00f6sung, Magnesium\u00f6l-L\u00f6sung, Ho\u0159\u010d\u00edkov\u00fd olej roztok Qualit\u00e4t: Rein Reinheit: Rein Chemische Formel: MgCl\u2082 \u00b7 6H\u2082O CAS-Nr.: 7791-18-6 EG-Nr.: 232-094-6<\/p>\n","protected":false},"featured_media":9618,"comment_status":"open","ping_status":"closed","template":"","meta":{"inline_featured_image":false},"product_brand":[],"product_cat":[1114],"product_tag":[],"class_list":{"0":"post-9622","1":"product","2":"type-product","3":"status-publish","4":"has-post-thumbnail","6":"product_cat-magnesiumol","8":"first","9":"instock","10":"taxable","11":"shipping-taxable","12":"purchasable","13":"product-type-simple"},"_links":{"self":[{"href":"https:\/\/sklep.biomus.eu\/de\/wp-json\/wp\/v2\/product\/9622","targetHints":{"allow":["GET"]}}],"collection":[{"href":"https:\/\/sklep.biomus.eu\/de\/wp-json\/wp\/v2\/product"}],"about":[{"href":"https:\/\/sklep.biomus.eu\/de\/wp-json\/wp\/v2\/types\/product"}],"replies":[{"embeddable":true,"href":"https:\/\/sklep.biomus.eu\/de\/wp-json\/wp\/v2\/comments?post=9622"}],"wp:featuredmedia":[{"embeddable":true,"href":"https:\/\/sklep.biomus.eu\/de\/wp-json\/wp\/v2\/media\/9618"}],"wp:attachment":[{"href":"https:\/\/sklep.biomus.eu\/de\/wp-json\/wp\/v2\/media?parent=9622"}],"wp:term":[{"taxonomy":"product_brand","embeddable":true,"href":"https:\/\/sklep.biomus.eu\/de\/wp-json\/wp\/v2\/product_brand?post=9622"},{"taxonomy":"product_cat","embeddable":true,"href":"https:\/\/sklep.biomus.eu\/de\/wp-json\/wp\/v2\/product_cat?post=9622"},{"taxonomy":"product_tag","embeddable":true,"href":"https:\/\/sklep.biomus.eu\/de\/wp-json\/wp\/v2\/product_tag?post=9622"}],"curies":[{"name":"wp","href":"https:\/\/api.w.org\/{rel}","templated":true}]}}