{"id":9722,"date":"2025-04-16T10:03:34","date_gmt":"2025-04-16T08:03:34","guid":{"rendered":"https:\/\/sklep.biomus.eu\/surowce-i-odczynniki-chemiczne\/mydlo-w-plynie-mydlo-szare-potasowe-25l-2\/"},"modified":"2025-12-09T22:35:33","modified_gmt":"2025-12-09T21:35:33","slug":"mydlo-w-plynie-mydlo-szare-potasowe-25l-2","status":"publish","type":"product","link":"https:\/\/sklep.biomus.eu\/de\/surowce-i-odczynniki-chemiczne\/mydlo-w-plynie-mydlo-szare-potasowe-25l-2\/","title":{"rendered":"fl\u00fcssige Kaliumseife 25L"},"content":{"rendered":"<p>Fl\u00fcssigseife BIOMUS 25L<\/p>\n<p>Name: Fl\u00fcssigseife<\/p>\n<p>Synonyme: fl\u00fcssige Kaliseife, Fl\u00fcssigseife, Liquid Soap, tekut\u00e9 m\u00fddlo<\/p>\n<p>Typ: Rein<\/p>\n<p>Hauptbestandteil: Kaliseife &#8211; CAS Nr: 61790-44-1<\/p>\n<p>Kaliseife wird nach dem traditionellen Rezept aus der Verseifung von Fetten mit Kaliumhydroxid hergestellt.<\/p>\n<p>Zusammensetzung: Sapo kalinus (sapo viridis), Kaliumpalmitat, Kaliumstearat, Kaliumoleat, Aqua, Kaliumhydroxid, Glycerin<\/p>\n<p>Das Produkt wird gem\u00e4\u00df den Kriterien des GHS-Systems nicht als gef\u00e4hrlich eingestuft.<\/p>\n","protected":false},"excerpt":{"rendered":"<p>Fl\u00fcssigseife BIOMUS 25L Name: Fl\u00fcssigseife Synonyme: fl\u00fcssige Kaliseife, Fl\u00fcssigseife, Liquid Soap, tekut\u00e9 m\u00fddlo Typ: Rein Hauptbestandteil: Kaliseife &#8211; CAS Nr: 61790-44-1 Kaliseife wird nach dem traditionellen Rezept aus der Verseifung von Fetten mit Kaliumhydroxid hergestellt. Zusammensetzung: Sapo kalinus (sapo viridis), Kaliumpalmitat, Kaliumstearat, Kaliumoleat, Aqua, Kaliumhydroxid, Glycerin Das Produkt wird gem\u00e4\u00df den Kriterien des GHS-Systems nicht [&hellip;]<\/p>\n","protected":false},"featured_media":15465,"comment_status":"open","ping_status":"closed","template":"","meta":{"inline_featured_image":false},"product_brand":[],"product_cat":[1126],"product_tag":[],"class_list":{"0":"post-9722","1":"product","2":"type-product","3":"status-publish","4":"has-post-thumbnail","6":"product_cat-flussigseife","8":"first","9":"instock","10":"taxable","11":"shipping-taxable","12":"purchasable","13":"product-type-simple"},"_links":{"self":[{"href":"https:\/\/sklep.biomus.eu\/de\/wp-json\/wp\/v2\/product\/9722","targetHints":{"allow":["GET"]}}],"collection":[{"href":"https:\/\/sklep.biomus.eu\/de\/wp-json\/wp\/v2\/product"}],"about":[{"href":"https:\/\/sklep.biomus.eu\/de\/wp-json\/wp\/v2\/types\/product"}],"replies":[{"embeddable":true,"href":"https:\/\/sklep.biomus.eu\/de\/wp-json\/wp\/v2\/comments?post=9722"}],"wp:featuredmedia":[{"embeddable":true,"href":"https:\/\/sklep.biomus.eu\/de\/wp-json\/wp\/v2\/media\/15465"}],"wp:attachment":[{"href":"https:\/\/sklep.biomus.eu\/de\/wp-json\/wp\/v2\/media?parent=9722"}],"wp:term":[{"taxonomy":"product_brand","embeddable":true,"href":"https:\/\/sklep.biomus.eu\/de\/wp-json\/wp\/v2\/product_brand?post=9722"},{"taxonomy":"product_cat","embeddable":true,"href":"https:\/\/sklep.biomus.eu\/de\/wp-json\/wp\/v2\/product_cat?post=9722"},{"taxonomy":"product_tag","embeddable":true,"href":"https:\/\/sklep.biomus.eu\/de\/wp-json\/wp\/v2\/product_tag?post=9722"}],"curies":[{"name":"wp","href":"https:\/\/api.w.org\/{rel}","templated":true}]}}