{"id":9747,"date":"2025-03-26T14:46:19","date_gmt":"2025-03-26T13:46:19","guid":{"rendered":"https:\/\/sklep.biomus.eu\/surowce-i-odczynniki-chemiczne\/olej-konopny-nierafinowany-1l-2\/"},"modified":"2025-12-09T22:35:43","modified_gmt":"2025-12-09T21:35:43","slug":"olej-konopny-nierafinowany-1l-2","status":"publish","type":"product","link":"https:\/\/sklep.biomus.eu\/de\/surowce-i-odczynniki-chemiczne\/olej-konopny-nierafinowany-1l-2\/","title":{"rendered":"Hanf\u00f6l 1L"},"content":{"rendered":"<p data-start=\"351\" data-end=\"405\">Unraffiniertes Hanf\u00f6l BIOMUS 1L<\/p>\n<p data-start=\"407\" data-end=\"441\">IN EINER DUNKLEN GLASFLASCHE<\/p>\n<p data-start=\"443\" data-end=\"532\">Ein pflanzliches Produkt, das aus Hanfsamen (Cannabis Sativa Seed Oil) gewonnen wird.<\/p>\n<p data-start=\"534\" data-end=\"711\">Name: Hanf\u00f6l<br data-start=\"550\" data-end=\"553\" \/> Synonyme: hemp oil, Hanf\u00f6l, konopn\u00fd olej<br data-start=\"597\" data-end=\"600\" \/> Qualit\u00e4t: Rein<br data-start=\"618\" data-end=\"621\" \/> Reinheit: Rein, ohne Zus\u00e4tze<br data-start=\"653\" data-end=\"656\" \/> CAS-Nummer: 89958-21-4<br data-start=\"682\" data-end=\"685\" \/> EG-Nummer: 289-644-3<\/p><\/p>\n","protected":false},"excerpt":{"rendered":"<p>Unraffiniertes Hanf\u00f6l BIOMUS 1L IN EINER DUNKLEN GLASFLASCHE Ein pflanzliches Produkt, das aus Hanfsamen (Cannabis Sativa Seed Oil) gewonnen wird. Name: Hanf\u00f6l Synonyme: hemp oil, Hanf\u00f6l, konopn\u00fd olej Qualit\u00e4t: Rein Reinheit: Rein, ohne Zus\u00e4tze CAS-Nummer: 89958-21-4 EG-Nummer: 289-644-3<\/p>\n","protected":false},"featured_media":9743,"comment_status":"open","ping_status":"closed","template":"","meta":{"inline_featured_image":false},"product_brand":[],"product_cat":[1129],"product_tag":[],"class_list":{"0":"post-9747","1":"product","2":"type-product","3":"status-publish","4":"has-post-thumbnail","6":"product_cat-hanfol","8":"first","9":"instock","10":"taxable","11":"shipping-taxable","12":"purchasable","13":"product-type-simple"},"_links":{"self":[{"href":"https:\/\/sklep.biomus.eu\/de\/wp-json\/wp\/v2\/product\/9747","targetHints":{"allow":["GET"]}}],"collection":[{"href":"https:\/\/sklep.biomus.eu\/de\/wp-json\/wp\/v2\/product"}],"about":[{"href":"https:\/\/sklep.biomus.eu\/de\/wp-json\/wp\/v2\/types\/product"}],"replies":[{"embeddable":true,"href":"https:\/\/sklep.biomus.eu\/de\/wp-json\/wp\/v2\/comments?post=9747"}],"wp:featuredmedia":[{"embeddable":true,"href":"https:\/\/sklep.biomus.eu\/de\/wp-json\/wp\/v2\/media\/9743"}],"wp:attachment":[{"href":"https:\/\/sklep.biomus.eu\/de\/wp-json\/wp\/v2\/media?parent=9747"}],"wp:term":[{"taxonomy":"product_brand","embeddable":true,"href":"https:\/\/sklep.biomus.eu\/de\/wp-json\/wp\/v2\/product_brand?post=9747"},{"taxonomy":"product_cat","embeddable":true,"href":"https:\/\/sklep.biomus.eu\/de\/wp-json\/wp\/v2\/product_cat?post=9747"},{"taxonomy":"product_tag","embeddable":true,"href":"https:\/\/sklep.biomus.eu\/de\/wp-json\/wp\/v2\/product_tag?post=9747"}],"curies":[{"name":"wp","href":"https:\/\/api.w.org\/{rel}","templated":true}]}}