{"id":9877,"date":"2025-02-14T13:54:00","date_gmt":"2025-02-14T12:54:00","guid":{"rendered":"https:\/\/sklep.biomus.eu\/surowce-i-odczynniki-chemiczne\/wosk-palmowy-1kg-2\/"},"modified":"2025-12-09T22:36:28","modified_gmt":"2025-12-09T21:36:28","slug":"wosk-palmowy-1kg-2","status":"publish","type":"product","link":"https:\/\/sklep.biomus.eu\/de\/surowce-i-odczynniki-chemiczne\/wosk-palmowy-1kg-2\/","title":{"rendered":"Palmwachs 1kg"},"content":{"rendered":"<p data-start=\"18\" data-end=\"44\">Palmwachs BIOMUS 1kg<\/p>\n<p>Wachs, das von f\u00fchrenden Kerzenherstellern weltweit verwendet wird<br \/>\nKann mit anderen nat\u00fcrlichen Wachsen oder Paraffin gemischt werden (Paraffin ist ebenfalls in unserem Sortiment erh\u00e4ltlich)<\/p>\n<p data-start=\"246\" data-end=\"409\">Name: Palmwachs<br data-start=\"265\" data-end=\"268\" \/>Form: feine Granulate<br data-start=\"293\" data-end=\"296\" \/>Synonyme: Palmwachs SM 2000, hydriertes Palmstearin<br data-start=\"351\" data-end=\"354\" \/>Reinheitsgrad: Rein<br data-start=\"377\" data-end=\"380\" \/>CAS-Nummer: 668514-74-9<\/p><\/p>\n","protected":false},"excerpt":{"rendered":"<p>Palmwachs BIOMUS 1kg Wachs, das von f\u00fchrenden Kerzenherstellern weltweit verwendet wird Kann mit anderen nat\u00fcrlichen Wachsen oder Paraffin gemischt werden (Paraffin ist ebenfalls in unserem Sortiment erh\u00e4ltlich) Name: PalmwachsForm: feine GranulateSynonyme: Palmwachs SM 2000, hydriertes PalmstearinReinheitsgrad: ReinCAS-Nummer: 668514-74-9<\/p>\n","protected":false},"featured_media":9873,"comment_status":"open","ping_status":"closed","template":"","meta":{"inline_featured_image":false},"product_brand":[],"product_cat":[1132],"product_tag":[],"class_list":{"0":"post-9877","1":"product","2":"type-product","3":"status-publish","4":"has-post-thumbnail","6":"product_cat-palmwachs","8":"first","9":"instock","10":"taxable","11":"shipping-taxable","12":"purchasable","13":"product-type-simple"},"_links":{"self":[{"href":"https:\/\/sklep.biomus.eu\/de\/wp-json\/wp\/v2\/product\/9877","targetHints":{"allow":["GET"]}}],"collection":[{"href":"https:\/\/sklep.biomus.eu\/de\/wp-json\/wp\/v2\/product"}],"about":[{"href":"https:\/\/sklep.biomus.eu\/de\/wp-json\/wp\/v2\/types\/product"}],"replies":[{"embeddable":true,"href":"https:\/\/sklep.biomus.eu\/de\/wp-json\/wp\/v2\/comments?post=9877"}],"wp:featuredmedia":[{"embeddable":true,"href":"https:\/\/sklep.biomus.eu\/de\/wp-json\/wp\/v2\/media\/9873"}],"wp:attachment":[{"href":"https:\/\/sklep.biomus.eu\/de\/wp-json\/wp\/v2\/media?parent=9877"}],"wp:term":[{"taxonomy":"product_brand","embeddable":true,"href":"https:\/\/sklep.biomus.eu\/de\/wp-json\/wp\/v2\/product_brand?post=9877"},{"taxonomy":"product_cat","embeddable":true,"href":"https:\/\/sklep.biomus.eu\/de\/wp-json\/wp\/v2\/product_cat?post=9877"},{"taxonomy":"product_tag","embeddable":true,"href":"https:\/\/sklep.biomus.eu\/de\/wp-json\/wp\/v2\/product_tag?post=9877"}],"curies":[{"name":"wp","href":"https:\/\/api.w.org\/{rel}","templated":true}]}}