{"id":9924,"date":"2024-12-05T09:05:12","date_gmt":"2024-12-05T08:05:12","guid":{"rendered":"https:\/\/sklep.biomus.eu\/surowce-i-odczynniki-chemiczne\/albumina-bialko-jaja-25kg-2\/"},"modified":"2025-12-09T22:36:45","modified_gmt":"2025-12-09T21:36:45","slug":"albumina-bialko-jaja-25kg-2","status":"publish","type":"product","link":"https:\/\/sklep.biomus.eu\/de\/surowce-i-odczynniki-chemiczne\/albumina-bialko-jaja-25kg-2\/","title":{"rendered":"Albumin 25kg"},"content":{"rendered":"<p>Name: BIOMUS Albumin<\/p>\n<p>Synonyme: H\u00fchnereiwei\u00dfpulver, Albumin<\/p>\n<p>Spezies: Rein<\/p>\n<p>Reinheit: Rein<\/p>\n<p>Albumin enth\u00e4lt ein vollst\u00e4ndiges Protein, das alle essentiellen Aminos\u00e4uren enth\u00e4lt. Dar\u00fcber hinaus ist es f\u00fcr seine F\u00e4higkeit bekannt, einen sehr stabilen Schaum zu bilden.<\/p>\n","protected":false},"excerpt":{"rendered":"<p>Name: BIOMUS Albumin Synonyme: H\u00fchnereiwei\u00dfpulver, Albumin Spezies: Rein Reinheit: Rein Albumin enth\u00e4lt ein vollst\u00e4ndiges Protein, das alle essentiellen Aminos\u00e4uren enth\u00e4lt. Dar\u00fcber hinaus ist es f\u00fcr seine F\u00e4higkeit bekannt, einen sehr stabilen Schaum zu bilden.<\/p>\n","protected":false},"featured_media":14966,"comment_status":"open","ping_status":"closed","template":"","meta":{"inline_featured_image":false},"product_brand":[],"product_cat":[1154],"product_tag":[],"class_list":{"0":"post-9924","1":"product","2":"type-product","3":"status-publish","4":"has-post-thumbnail","6":"product_cat-albumin","8":"first","9":"instock","10":"taxable","11":"shipping-taxable","12":"purchasable","13":"product-type-simple"},"_links":{"self":[{"href":"https:\/\/sklep.biomus.eu\/de\/wp-json\/wp\/v2\/product\/9924","targetHints":{"allow":["GET"]}}],"collection":[{"href":"https:\/\/sklep.biomus.eu\/de\/wp-json\/wp\/v2\/product"}],"about":[{"href":"https:\/\/sklep.biomus.eu\/de\/wp-json\/wp\/v2\/types\/product"}],"replies":[{"embeddable":true,"href":"https:\/\/sklep.biomus.eu\/de\/wp-json\/wp\/v2\/comments?post=9924"}],"wp:featuredmedia":[{"embeddable":true,"href":"https:\/\/sklep.biomus.eu\/de\/wp-json\/wp\/v2\/media\/14966"}],"wp:attachment":[{"href":"https:\/\/sklep.biomus.eu\/de\/wp-json\/wp\/v2\/media?parent=9924"}],"wp:term":[{"taxonomy":"product_brand","embeddable":true,"href":"https:\/\/sklep.biomus.eu\/de\/wp-json\/wp\/v2\/product_brand?post=9924"},{"taxonomy":"product_cat","embeddable":true,"href":"https:\/\/sklep.biomus.eu\/de\/wp-json\/wp\/v2\/product_cat?post=9924"},{"taxonomy":"product_tag","embeddable":true,"href":"https:\/\/sklep.biomus.eu\/de\/wp-json\/wp\/v2\/product_tag?post=9924"}],"curies":[{"name":"wp","href":"https:\/\/api.w.org\/{rel}","templated":true}]}}