{"id":9953,"date":"2024-10-16T14:42:59","date_gmt":"2024-10-16T12:42:59","guid":{"rendered":"https:\/\/sklep.biomus.eu\/surowce-i-odczynniki-chemiczne\/olej-neem-z-miodli-nierafinowany-100ml-2\/"},"modified":"2026-03-06T09:54:44","modified_gmt":"2026-03-06T08:54:44","slug":"olej-neem-z-miodli-nierafinowany-100ml-2","status":"publish","type":"product","link":"https:\/\/sklep.biomus.eu\/de\/surowce-i-odczynniki-chemiczne\/olej-neem-z-miodli-nierafinowany-100ml-2\/","title":{"rendered":"NEEM\u00d6L 100ml"},"content":{"rendered":"<p>NEEM\u00d6L BIOMUS<\/p>\n<p>Neem\u00f6l (vom Niembaum) KALTGEPRESST<\/p>\n<p>Name: Neem\u00f6l<\/p>\n<p>Synonyme: Niembaum\u00f6l, Melia Azadirachta Samen\u00f6l<\/p>\n<p>Art: Rein<\/p>\n<p>Reinheit: Rein ohne Zus\u00e4tze<\/p>\n<p>Geruch: Charakteristisch<\/p>\n<p>Farbe: Gr\u00fcn-braun<\/p>\n<p>Chemische Formel: Nicht zutreffend<\/p>\n<p>CAS-Nr: 90063-92-6<\/p>\n<p>EG-Nr: 290-052-2<\/p>\n","protected":false},"excerpt":{"rendered":"<p>NEEM\u00d6L BIOMUS Neem\u00f6l (vom Niembaum) KALTGEPRESST Name: Neem\u00f6l Synonyme: Niembaum\u00f6l, Melia Azadirachta Samen\u00f6l Art: Rein Reinheit: Rein ohne Zus\u00e4tze Geruch: Charakteristisch Farbe: Gr\u00fcn-braun Chemische Formel: Nicht zutreffend CAS-Nr: 90063-92-6 EG-Nr: 290-052-2<\/p>\n","protected":false},"featured_media":16729,"comment_status":"open","ping_status":"closed","template":"","meta":{"inline_featured_image":false},"product_brand":[],"product_cat":[1160],"product_tag":[],"class_list":{"0":"post-9953","1":"product","2":"type-product","3":"status-publish","4":"has-post-thumbnail","6":"product_cat-neemol","8":"first","9":"instock","10":"taxable","11":"shipping-taxable","12":"purchasable","13":"product-type-simple"},"_links":{"self":[{"href":"https:\/\/sklep.biomus.eu\/de\/wp-json\/wp\/v2\/product\/9953","targetHints":{"allow":["GET"]}}],"collection":[{"href":"https:\/\/sklep.biomus.eu\/de\/wp-json\/wp\/v2\/product"}],"about":[{"href":"https:\/\/sklep.biomus.eu\/de\/wp-json\/wp\/v2\/types\/product"}],"replies":[{"embeddable":true,"href":"https:\/\/sklep.biomus.eu\/de\/wp-json\/wp\/v2\/comments?post=9953"}],"wp:featuredmedia":[{"embeddable":true,"href":"https:\/\/sklep.biomus.eu\/de\/wp-json\/wp\/v2\/media\/16729"}],"wp:attachment":[{"href":"https:\/\/sklep.biomus.eu\/de\/wp-json\/wp\/v2\/media?parent=9953"}],"wp:term":[{"taxonomy":"product_brand","embeddable":true,"href":"https:\/\/sklep.biomus.eu\/de\/wp-json\/wp\/v2\/product_brand?post=9953"},{"taxonomy":"product_cat","embeddable":true,"href":"https:\/\/sklep.biomus.eu\/de\/wp-json\/wp\/v2\/product_cat?post=9953"},{"taxonomy":"product_tag","embeddable":true,"href":"https:\/\/sklep.biomus.eu\/de\/wp-json\/wp\/v2\/product_tag?post=9953"}],"curies":[{"name":"wp","href":"https:\/\/api.w.org\/{rel}","templated":true}]}}