{"id":9968,"date":"2024-10-14T13:38:39","date_gmt":"2024-10-14T11:38:39","guid":{"rendered":"https:\/\/sklep.biomus.eu\/surowce-i-odczynniki-chemiczne\/blekit-metylenowy-r-r-1-czda-500ml-2\/"},"modified":"2025-12-09T22:37:01","modified_gmt":"2025-12-09T21:37:01","slug":"blekit-metylenowy-r-r-1-czda-500ml-2","status":"publish","type":"product","link":"https:\/\/sklep.biomus.eu\/de\/surowce-i-odczynniki-chemiczne\/blekit-metylenowy-r-r-1-czda-500ml-2\/","title":{"rendered":"Methylenblau 1% CZDA 500ml"},"content":{"rendered":"<p>Methylenblau BIOMUS<\/p>\n<p>Name: Methylenblau w\u00e4ssrige L\u00f6sung 1%<\/p>\n<p>Synonyme: methylene blue, methylenov\u00e1 mod\u0159, Methylenblau<\/p>\n<p>Art: zur Analyse rein &#8211; CZDA<\/p>\n<p>Reinheit: Rein ohne Verunreinigungen<\/p>\n<p>Physikalischer Zustand: Fl\u00fcssigkeit<\/p>\n<p>Farbe: bl\u00e4ulich<\/p>\n<p>Geruch: geruchlos<\/p>\n<p>Chemische Formel: C16H18ClN3S<\/p>\n<p>CAS: 61-73-4<br \/>EC: 200-515-2<\/p>\n<p>Indexnummer: nicht zutreffend<\/p><\/p>\n","protected":false},"excerpt":{"rendered":"<p>Methylenblau BIOMUS Name: Methylenblau w\u00e4ssrige L\u00f6sung 1% Synonyme: methylene blue, methylenov\u00e1 mod\u0159, Methylenblau Art: zur Analyse rein &#8211; CZDA Reinheit: Rein ohne Verunreinigungen Physikalischer Zustand: Fl\u00fcssigkeit Farbe: bl\u00e4ulich Geruch: geruchlos Chemische Formel: C16H18ClN3S CAS: 61-73-4EC: 200-515-2 Indexnummer: nicht zutreffend<\/p>\n","protected":false},"featured_media":15114,"comment_status":"open","ping_status":"closed","template":"","meta":{"inline_featured_image":false},"product_brand":[],"product_cat":[1141],"product_tag":[],"class_list":{"0":"post-9968","1":"product","2":"type-product","3":"status-publish","4":"has-post-thumbnail","6":"product_cat-methylenblau-1","8":"first","9":"instock","10":"taxable","11":"shipping-taxable","12":"purchasable","13":"product-type-simple"},"_links":{"self":[{"href":"https:\/\/sklep.biomus.eu\/de\/wp-json\/wp\/v2\/product\/9968","targetHints":{"allow":["GET"]}}],"collection":[{"href":"https:\/\/sklep.biomus.eu\/de\/wp-json\/wp\/v2\/product"}],"about":[{"href":"https:\/\/sklep.biomus.eu\/de\/wp-json\/wp\/v2\/types\/product"}],"replies":[{"embeddable":true,"href":"https:\/\/sklep.biomus.eu\/de\/wp-json\/wp\/v2\/comments?post=9968"}],"wp:featuredmedia":[{"embeddable":true,"href":"https:\/\/sklep.biomus.eu\/de\/wp-json\/wp\/v2\/media\/15114"}],"wp:attachment":[{"href":"https:\/\/sklep.biomus.eu\/de\/wp-json\/wp\/v2\/media?parent=9968"}],"wp:term":[{"taxonomy":"product_brand","embeddable":true,"href":"https:\/\/sklep.biomus.eu\/de\/wp-json\/wp\/v2\/product_brand?post=9968"},{"taxonomy":"product_cat","embeddable":true,"href":"https:\/\/sklep.biomus.eu\/de\/wp-json\/wp\/v2\/product_cat?post=9968"},{"taxonomy":"product_tag","embeddable":true,"href":"https:\/\/sklep.biomus.eu\/de\/wp-json\/wp\/v2\/product_tag?post=9968"}],"curies":[{"name":"wp","href":"https:\/\/api.w.org\/{rel}","templated":true}]}}