{"id":9985,"date":"2024-10-10T09:00:53","date_gmt":"2024-10-10T07:00:53","guid":{"rendered":"https:\/\/sklep.biomus.eu\/surowce-i-odczynniki-chemiczne\/olej-zywokostowy-macerat-500ml-2\/"},"modified":"2025-12-09T22:37:07","modified_gmt":"2025-12-09T21:37:07","slug":"olej-zywokostowy-macerat-500ml-2","status":"publish","type":"product","link":"https:\/\/sklep.biomus.eu\/de\/surowce-i-odczynniki-chemiczne\/olej-zywokostowy-macerat-500ml-2\/","title":{"rendered":"Beinwell\u00f6l Mazerat 500ml"},"content":{"rendered":"<p>Beinwell\u00f6l Mazerat in Glasflasche<\/p>\n<p>Beinwell\u00f6l, auch bekannt als Beinwell-Mazerat, ist ein hochwertiger pflanzlicher Rohstoff.<\/p>\n<p>Inhaltsstoffe: Symphytum Officinale Leaf Extract &#038; Helianthus Annuus Seed Oil<\/p>\n<p>Name: Beinwell\u00f6l<\/p>\n<p>Synonyme: Beinwellmazerat in Sonnenblumen\u00f6l<\/p>\n<p>Art: Rein<\/p>\n<p>Reinheit: Rein ohne Zus\u00e4tze<\/p>\n<p>Chemische Formel: Nicht zutreffend<\/p>\n<p>CAS-Nummer: 84686-05-9 \/ 8001-21-6<\/p>\n<p>EC-Nummer: 283-625-3 \/ 232-273-9<\/p><\/p>\n","protected":false},"excerpt":{"rendered":"<p>Beinwell\u00f6l Mazerat in Glasflasche Beinwell\u00f6l, auch bekannt als Beinwell-Mazerat, ist ein hochwertiger pflanzlicher Rohstoff. Inhaltsstoffe: Symphytum Officinale Leaf Extract &#038; Helianthus Annuus Seed Oil Name: Beinwell\u00f6l Synonyme: Beinwellmazerat in Sonnenblumen\u00f6l Art: Rein Reinheit: Rein ohne Zus\u00e4tze Chemische Formel: Nicht zutreffend CAS-Nummer: 84686-05-9 \/ 8001-21-6 EC-Nummer: 283-625-3 \/ 232-273-9<\/p>\n","protected":false},"featured_media":9982,"comment_status":"open","ping_status":"closed","template":"","meta":{"inline_featured_image":false},"product_brand":[],"product_cat":[1163],"product_tag":[],"class_list":{"0":"post-9985","1":"product","2":"type-product","3":"status-publish","4":"has-post-thumbnail","6":"product_cat-beinwellol-mazerat","8":"first","9":"instock","10":"taxable","11":"shipping-taxable","12":"purchasable","13":"product-type-simple"},"_links":{"self":[{"href":"https:\/\/sklep.biomus.eu\/de\/wp-json\/wp\/v2\/product\/9985","targetHints":{"allow":["GET"]}}],"collection":[{"href":"https:\/\/sklep.biomus.eu\/de\/wp-json\/wp\/v2\/product"}],"about":[{"href":"https:\/\/sklep.biomus.eu\/de\/wp-json\/wp\/v2\/types\/product"}],"replies":[{"embeddable":true,"href":"https:\/\/sklep.biomus.eu\/de\/wp-json\/wp\/v2\/comments?post=9985"}],"wp:featuredmedia":[{"embeddable":true,"href":"https:\/\/sklep.biomus.eu\/de\/wp-json\/wp\/v2\/media\/9982"}],"wp:attachment":[{"href":"https:\/\/sklep.biomus.eu\/de\/wp-json\/wp\/v2\/media?parent=9985"}],"wp:term":[{"taxonomy":"product_brand","embeddable":true,"href":"https:\/\/sklep.biomus.eu\/de\/wp-json\/wp\/v2\/product_brand?post=9985"},{"taxonomy":"product_cat","embeddable":true,"href":"https:\/\/sklep.biomus.eu\/de\/wp-json\/wp\/v2\/product_cat?post=9985"},{"taxonomy":"product_tag","embeddable":true,"href":"https:\/\/sklep.biomus.eu\/de\/wp-json\/wp\/v2\/product_tag?post=9985"}],"curies":[{"name":"wp","href":"https:\/\/api.w.org\/{rel}","templated":true}]}}