{"id":9998,"date":"2024-09-19T13:33:21","date_gmt":"2024-09-19T11:33:21","guid":{"rendered":"https:\/\/sklep.biomus.eu\/surowce-i-odczynniki-chemiczne\/edta-sol-wersenian-sodu-5kg-2\/"},"modified":"2025-12-09T22:37:12","modified_gmt":"2025-12-09T21:37:12","slug":"edta-sol-wersenian-sodu-5kg-2","status":"publish","type":"product","link":"https:\/\/sklep.biomus.eu\/de\/surowce-i-odczynniki-chemiczne\/edta-sol-wersenian-sodu-5kg-2\/","title":{"rendered":"Natrium &#8211; EDTA 5kg"},"content":{"rendered":"<p>Natrium-EDTA BIOMUS 5kg<\/p>\n<p>Name: Dinatrium-EDTA-Dihydrat<\/p>\n<p>Synonyme: EDTA-Salz, EDTA-2Na, Dinatrium-EDTA-Dihydrat<\/p>\n<p>Reinheitsgrad: Rein<\/p>\n<p>Chemische Formel: C10H14N2Na2O8\u20222H2O<\/p>\n<p>CAS-Nummer: 6381-92-6<\/p>\n<p>EG-Nummer: 205-358-3<\/p>\n<p>Registrierungsnummer: 01-2119486775-20-XXXX<\/p>\n<p>Natrium-EDTA, auch bekannt als EDTA-Salz, ist eine organische chemische Verbindung mit einer hohen F\u00e4higkeit, stabile Komplexe (Chelate) mit mehrwertigen Metallkationen zu bilden.<\/p>\n<p>Dieser Rohstoff wird in komplexometrischen Anwendungen gegen\u00fcber der freien Form von Ethylendiamintetraessigs\u00e4ure bevorzugt, da er eine bessere Wasserl\u00f6slichkeit aufweist.<\/p><\/p>\n","protected":false},"excerpt":{"rendered":"<p>Natrium-EDTA BIOMUS 5kg Name: Dinatrium-EDTA-Dihydrat Synonyme: EDTA-Salz, EDTA-2Na, Dinatrium-EDTA-Dihydrat Reinheitsgrad: Rein Chemische Formel: C10H14N2Na2O8\u20222H2O CAS-Nummer: 6381-92-6 EG-Nummer: 205-358-3 Registrierungsnummer: 01-2119486775-20-XXXX Natrium-EDTA, auch bekannt als EDTA-Salz, ist eine organische chemische Verbindung mit einer hohen F\u00e4higkeit, stabile Komplexe (Chelate) mit mehrwertigen Metallkationen zu bilden. Dieser Rohstoff wird in komplexometrischen Anwendungen gegen\u00fcber der freien Form von Ethylendiamintetraessigs\u00e4ure bevorzugt, [&hellip;]<\/p>\n","protected":false},"featured_media":9994,"comment_status":"open","ping_status":"closed","template":"","meta":{"inline_featured_image":false},"product_brand":[],"product_cat":[1038],"product_tag":[],"class_list":{"0":"post-9998","1":"product","2":"type-product","3":"status-publish","4":"has-post-thumbnail","6":"product_cat-natrium-edta","8":"first","9":"instock","10":"taxable","11":"shipping-taxable","12":"purchasable","13":"product-type-simple"},"_links":{"self":[{"href":"https:\/\/sklep.biomus.eu\/de\/wp-json\/wp\/v2\/product\/9998","targetHints":{"allow":["GET"]}}],"collection":[{"href":"https:\/\/sklep.biomus.eu\/de\/wp-json\/wp\/v2\/product"}],"about":[{"href":"https:\/\/sklep.biomus.eu\/de\/wp-json\/wp\/v2\/types\/product"}],"replies":[{"embeddable":true,"href":"https:\/\/sklep.biomus.eu\/de\/wp-json\/wp\/v2\/comments?post=9998"}],"wp:featuredmedia":[{"embeddable":true,"href":"https:\/\/sklep.biomus.eu\/de\/wp-json\/wp\/v2\/media\/9994"}],"wp:attachment":[{"href":"https:\/\/sklep.biomus.eu\/de\/wp-json\/wp\/v2\/media?parent=9998"}],"wp:term":[{"taxonomy":"product_brand","embeddable":true,"href":"https:\/\/sklep.biomus.eu\/de\/wp-json\/wp\/v2\/product_brand?post=9998"},{"taxonomy":"product_cat","embeddable":true,"href":"https:\/\/sklep.biomus.eu\/de\/wp-json\/wp\/v2\/product_cat?post=9998"},{"taxonomy":"product_tag","embeddable":true,"href":"https:\/\/sklep.biomus.eu\/de\/wp-json\/wp\/v2\/product_tag?post=9998"}],"curies":[{"name":"wp","href":"https:\/\/api.w.org\/{rel}","templated":true}]}}