{"id":109,"date":"2025-12-08T07:27:12","date_gmt":"2025-12-08T06:27:12","guid":{"rendered":"https:\/\/sklep.biomus.eu\/dostawa-i-odbior\/"},"modified":"2025-12-08T07:29:11","modified_gmt":"2025-12-08T06:29:11","slug":"dostawa-i-odbior","status":"publish","type":"page","link":"https:\/\/sklep.biomus.eu\/en\/dostawa-i-odbior\/","title":{"rendered":"Dostawa i odbi\u00f3r"},"content":{"rendered":"\n<ol class=\"wp-block-list\">\n<li>Zam\u00f3wione towary dostarczane s\u0105 w spos\u00f3b wskazany przez Klienta w chwili sk\u0142adania <strong>Zam\u00f3wienia<\/strong>.<br\/><\/li>\n\n\n\n<li>Przesy\u0142ka wys\u0142ana za po\u015brednictwem firmy kurierskiej z regu\u0142y dociera do Klienta na drugi dzie\u0144 roboczy po dniu nadania paczki.<br\/>  <\/li>\n\n\n\n<li>Wszystkie przesy\u0142ki wysy\u0142ane za po\u015brednictwem firmy kurierskiej i Poczty Polskiej s\u0105 ubezpieczone \u2013 koszty ubezpieczenia ponosi Biomus sp. z o.o.<br\/> <\/li>\n\n\n\n<li><strong>Dostawa odbywa si\u0119 za po\u015brednictwem firmy kurierskiej DPD lub Poczty Polskiej.<\/strong><br\/><\/li>\n\n\n\n<li>W dniu nadania paczki Klient otrzyma poczt\u0105 elektroniczn\u0105 numer przesy\u0142ki.<br\/>  <\/li>\n\n\n\n<li>Czas dostawy wynosi zwykle do 3 dni roboczych od momentu nadania przesy\u0142ki.<br\/>   <\/li>\n\n\n\n<li>Paczki dostarczane s\u0105 od poniedzia\u0142ku do pi\u0105tku w godzinach 8.00-16.00, p\u00f3\u017aniejsze godziny dor\u0119czenia trzeba uzgadnia\u0107 indywidualnie z firm\u0105 przewozow\u0105.<br\/>  <\/li>\n\n\n\n<li>Je\u017celi Kurier nie zastanie nikogo pod wskazanym adresem dostawy zostawia Awizo z numerem kontaktowym. Nale\u017cy uzgodni\u0107 z Kurierem kolejny termin dostawy.<br\/>  <\/li>\n\n\n\n<li>Firma kurierska ponowi pr\u00f3b\u0119 dostawy w ci\u0105gu trzech kolejnych dni roboczych od daty pozostawienia Awizo. Bezp\u0142atne s\u0105 tylko dwie pr\u00f3by dor\u0119czenia przesy\u0142ki. Zmiana adresu dostawy w trakcie dor\u0119czenia jest bezp\u0142atna je\u017celi nowy adres jest w obr\u0119bie pierwotnego oddzia\u0142u.<br\/>  <\/li>\n\n\n\n<li>Na li\u015bcie przewozowym opr\u00f3cz adresu jest wpisany numer telefonu kontaktowego podany przy sk\u0142adaniu zam\u00f3wienia, co pozwala Kurierowi na ewentualny kontakt przed pr\u00f3b\u0105 dor\u0119czenia paczki. Kurier nie ma obowi\u0105zku kontaktu telefonicznego przy pr\u00f3bie dor\u0119czenia przesy\u0142ki.<br\/>  <\/li>\n\n\n\n<li>Kurier nie ma obowi\u0105zku wnoszenia paczek o wadze powy\u017cej 30kg (r\u00f3wnie\u017c przesy\u0142ek na palecie), dlatego przy ci\u0119\u017cszych przesy\u0142kach Klient musi by\u0107 przygotowany na ich samodzielne wniesienie.<br\/>  <\/li>\n\n\n\n<li>Sprawdzenie przesy\u0142ki przy odbiorze jest istotnym elementem oceny zasadno\u015bci ewentualnych roszcze\u0144 Klienta z tytu\u0142u uszkodze\u0144 mechanicznych w trakcie transportu lub brakuj\u0105cych sztuk.<br\/>  <\/li>\n\n\n\n<li>Koszt transportu umieszczony jest przy ka\u017cdym produkcie i naliczany jest przy sk\u0142adaniu zam\u00f3wienia. Aby sprawdzi\u0107 jaki b\u0119dzie ostateczny koszt dostawy Twojego zam\u00f3wienia nale\u017cy doda\u0107 wszystkie produkty do koszyka, a nast\u0119pnie wybra\u0107 form\u0119 dostawy i p\u0142atno\u015bci.<br\/>  <\/li>\n\n\n\n<li>W chwili odbioru przesy\u0142ki kupuj\u0105cy powinien w obecno\u015bci kuriera dok\u0142adnie sprawdzi\u0107 stan opakowania zewn\u0119trznego. Sprawdzenie zawarto\u015bci przesy\u0142ki jest mo\u017cliwe po podpisaniu listu przewozowego, a w przypadku przesy\u0142ki za pobraniem dopiero po uregulowaniu p\u0142atno\u015bci. W przypadku stwierdzenia przez Kupuj\u0105cego zewn\u0119trznych uszkodze\u0144 przesy\u0142ki lub zastrze\u017ce\u0144 co do ilo\u015bci dostarczonego towaru lub zawarto\u015bci przesy\u0142ki, Klient powinien sporz\u0105dzi\u0107 w obecno\u015bci kuriera protok\u00f3\u0142 szkody. Dokument powinien by\u0107 sporz\u0105dzony w dw\u00f3ch jednakowych egzemplarzach, z kt\u00f3rych jeden pozostaje u Klienta. Protok\u00f3\u0142 szkody stanowi istotny dow\u00f3d w post\u0119powaniu reklamacyjnym, jednak nie jest niezb\u0119dny do rozpatrzenia reklamacji.<\/li>\n<\/ol>\n","protected":false},"excerpt":{"rendered":"","protected":false},"author":1,"featured_media":0,"parent":0,"menu_order":0,"comment_status":"closed","ping_status":"closed","template":"","meta":{"inline_featured_image":false,"footnotes":""},"class_list":["post-109","page","type-page","status-publish","hentry"],"_links":{"self":[{"href":"https:\/\/sklep.biomus.eu\/en\/wp-json\/wp\/v2\/pages\/109","targetHints":{"allow":["GET"]}}],"collection":[{"href":"https:\/\/sklep.biomus.eu\/en\/wp-json\/wp\/v2\/pages"}],"about":[{"href":"https:\/\/sklep.biomus.eu\/en\/wp-json\/wp\/v2\/types\/page"}],"author":[{"embeddable":true,"href":"https:\/\/sklep.biomus.eu\/en\/wp-json\/wp\/v2\/users\/1"}],"replies":[{"embeddable":true,"href":"https:\/\/sklep.biomus.eu\/en\/wp-json\/wp\/v2\/comments?post=109"}],"version-history":[{"count":1,"href":"https:\/\/sklep.biomus.eu\/en\/wp-json\/wp\/v2\/pages\/109\/revisions"}],"predecessor-version":[{"id":110,"href":"https:\/\/sklep.biomus.eu\/en\/wp-json\/wp\/v2\/pages\/109\/revisions\/110"}],"wp:attachment":[{"href":"https:\/\/sklep.biomus.eu\/en\/wp-json\/wp\/v2\/media?parent=109"}],"curies":[{"name":"wp","href":"https:\/\/api.w.org\/{rel}","templated":true}]}}