{"id":10145,"date":"2024-05-09T08:15:06","date_gmt":"2024-05-09T06:15:06","guid":{"rendered":"https:\/\/sklep.biomus.eu\/surowce-i-odczynniki-chemiczne\/mydlo-w-plynie-mydlo-szare-potasowe-1l-2\/"},"modified":"2026-03-05T08:33:40","modified_gmt":"2026-03-05T07:33:40","slug":"mydlo-w-plynie-mydlo-szare-potasowe-1l-2","status":"publish","type":"product","link":"https:\/\/sklep.biomus.eu\/en\/surowce-i-odczynniki-chemiczne\/mydlo-w-plynie-mydlo-szare-potasowe-1l-2\/","title":{"rendered":"Liquid potash soap. Myd\u0142o w p\u0142ynie 1L"},"content":{"rendered":"<p>Potassium soap in liquid BIOMUS 1L<\/p>\n<p>Name: Potassium soap<\/p>\n<p>Synonyms: liquid potassium soap, liquid soap, Fl\u00fcssigseife, tekut\u00e9 m\u00fddlo<\/p>\n<p>Type: Pure<\/p>\n<p>Main ingredient: Potassium soap &#8211; CAS No: 61790-44-1<\/p>\n<p>Potassium soap is produced according to the traditional recipe of saponifying fats with potassium hydroxide.<\/p>\n<p>Composition: Sapo kalinus (sapo viridis), Potassium Palmitate, Potassium Stearate, Potassium Oleate, Aqua, Potassium Hydroxide, Glycerin<\/p>\n<p>The product is not classified as hazardous according to the criteria of the GHS system.<\/p><\/p>\n","protected":false},"excerpt":{"rendered":"<p>Potassium soap in liquid BIOMUS 1L Name: Potassium soap Synonyms: liquid potassium soap, liquid soap, Fl\u00fcssigseife, tekut\u00e9 m\u00fddlo Type: Pure Main ingredient: Potassium soap &#8211; CAS No: 61790-44-1 Potassium soap is produced according to the traditional recipe of saponifying fats with potassium hydroxide. Composition: Sapo kalinus (sapo viridis), Potassium Palmitate, Potassium Stearate, Potassium Oleate, Aqua, [&hellip;]<\/p>\n","protected":false},"featured_media":15462,"comment_status":"open","ping_status":"closed","template":"","meta":{"inline_featured_image":false},"product_brand":[],"product_cat":[1125],"product_tag":[],"class_list":{"0":"post-10145","1":"product","2":"type-product","3":"status-publish","4":"has-post-thumbnail","6":"product_cat-liquid-soap","8":"first","9":"instock","10":"taxable","11":"shipping-taxable","12":"purchasable","13":"product-type-simple"},"_links":{"self":[{"href":"https:\/\/sklep.biomus.eu\/en\/wp-json\/wp\/v2\/product\/10145","targetHints":{"allow":["GET"]}}],"collection":[{"href":"https:\/\/sklep.biomus.eu\/en\/wp-json\/wp\/v2\/product"}],"about":[{"href":"https:\/\/sklep.biomus.eu\/en\/wp-json\/wp\/v2\/types\/product"}],"replies":[{"embeddable":true,"href":"https:\/\/sklep.biomus.eu\/en\/wp-json\/wp\/v2\/comments?post=10145"}],"wp:featuredmedia":[{"embeddable":true,"href":"https:\/\/sklep.biomus.eu\/en\/wp-json\/wp\/v2\/media\/15462"}],"wp:attachment":[{"href":"https:\/\/sklep.biomus.eu\/en\/wp-json\/wp\/v2\/media?parent=10145"}],"wp:term":[{"taxonomy":"product_brand","embeddable":true,"href":"https:\/\/sklep.biomus.eu\/en\/wp-json\/wp\/v2\/product_brand?post=10145"},{"taxonomy":"product_cat","embeddable":true,"href":"https:\/\/sklep.biomus.eu\/en\/wp-json\/wp\/v2\/product_cat?post=10145"},{"taxonomy":"product_tag","embeddable":true,"href":"https:\/\/sklep.biomus.eu\/en\/wp-json\/wp\/v2\/product_tag?post=10145"}],"curies":[{"name":"wp","href":"https:\/\/api.w.org\/{rel}","templated":true}]}}