{"id":10160,"date":"2024-05-09T08:04:03","date_gmt":"2024-05-09T06:04:03","guid":{"rendered":"https:\/\/sklep.biomus.eu\/surowce-i-odczynniki-chemiczne\/mydlo-w-proszku-platki-mydlane-w-proszku-1kg-2\/"},"modified":"2025-12-09T22:38:47","modified_gmt":"2025-12-09T21:38:47","slug":"mydlo-w-proszku-platki-mydlane-w-proszku-1kg-2","status":"publish","type":"product","link":"https:\/\/sklep.biomus.eu\/en\/surowce-i-odczynniki-chemiczne\/mydlo-w-proszku-platki-mydlane-w-proszku-1kg-2\/","title":{"rendered":"Soap powder 1kg"},"content":{"rendered":"<p>Soap powder BIOMUS 1kg<\/p>\n<p>Name: Sodium soap powder<\/p>\n<p>Synonyms: powdered soap flakes, sodium soap powder, soap powder, Seifenpulver, pr\u00e1\u0161kov\u00e9 m\u00fddlo<\/p>\n<p>Type: Pure<\/p>\n<p>Purity: Pure<\/p>\n<p>Main ingredient: Sodium soap (sodium tallowate) CAS No: 8052-48-0<\/p>\n<p>Sodium soap is produced according to the traditional recipe of saponifying fats with sodium hydroxide.<\/p>\n<p>Composition: Sodium Tallowate, Sodium Palmitate, Sodium Stearate, Sodium Myristate, Aqua, Sodium Hydroxide, Glycerin<\/p>\n<p>The product is not classified as hazardous according to the criteria of the GHS system.<\/p><\/p>\n","protected":false},"excerpt":{"rendered":"<p>Soap powder BIOMUS 1kg Name: Sodium soap powder Synonyms: powdered soap flakes, sodium soap powder, soap powder, Seifenpulver, pr\u00e1\u0161kov\u00e9 m\u00fddlo Type: Pure Purity: Pure Main ingredient: Sodium soap (sodium tallowate) CAS No: 8052-48-0 Sodium soap is produced according to the traditional recipe of saponifying fats with sodium hydroxide. Composition: Sodium Tallowate, Sodium Palmitate, Sodium Stearate, [&hellip;]<\/p>\n","protected":false},"featured_media":10157,"comment_status":"open","ping_status":"closed","template":"","meta":{"inline_featured_image":false},"product_brand":[],"product_cat":[1226],"product_tag":[],"class_list":{"0":"post-10160","1":"product","2":"type-product","3":"status-publish","4":"has-post-thumbnail","6":"product_cat-soap-powder","8":"first","9":"instock","10":"taxable","11":"shipping-taxable","12":"purchasable","13":"product-type-simple"},"_links":{"self":[{"href":"https:\/\/sklep.biomus.eu\/en\/wp-json\/wp\/v2\/product\/10160","targetHints":{"allow":["GET"]}}],"collection":[{"href":"https:\/\/sklep.biomus.eu\/en\/wp-json\/wp\/v2\/product"}],"about":[{"href":"https:\/\/sklep.biomus.eu\/en\/wp-json\/wp\/v2\/types\/product"}],"replies":[{"embeddable":true,"href":"https:\/\/sklep.biomus.eu\/en\/wp-json\/wp\/v2\/comments?post=10160"}],"wp:featuredmedia":[{"embeddable":true,"href":"https:\/\/sklep.biomus.eu\/en\/wp-json\/wp\/v2\/media\/10157"}],"wp:attachment":[{"href":"https:\/\/sklep.biomus.eu\/en\/wp-json\/wp\/v2\/media?parent=10160"}],"wp:term":[{"taxonomy":"product_brand","embeddable":true,"href":"https:\/\/sklep.biomus.eu\/en\/wp-json\/wp\/v2\/product_brand?post=10160"},{"taxonomy":"product_cat","embeddable":true,"href":"https:\/\/sklep.biomus.eu\/en\/wp-json\/wp\/v2\/product_cat?post=10160"},{"taxonomy":"product_tag","embeddable":true,"href":"https:\/\/sklep.biomus.eu\/en\/wp-json\/wp\/v2\/product_tag?post=10160"}],"curies":[{"name":"wp","href":"https:\/\/api.w.org\/{rel}","templated":true}]}}