{"id":10278,"date":"2024-02-26T09:56:33","date_gmt":"2024-02-26T08:56:33","guid":{"rendered":"https:\/\/sklep.biomus.eu\/surowce-i-odczynniki-chemiczne\/olejek-rozmarynowy-1l-2\/"},"modified":"2025-12-09T22:39:28","modified_gmt":"2025-12-09T21:39:28","slug":"olejek-rozmarynowy-1l-2","status":"publish","type":"product","link":"https:\/\/sklep.biomus.eu\/en\/surowce-i-odczynniki-chemiczne\/olejek-rozmarynowy-1l-2\/","title":{"rendered":"Rosemary Essential Oil 1L"},"content":{"rendered":"<\/p>\n<p>Biomus Rosemary Essential Oil<\/p>\n<p>Name: Rosemary Oil (contains natural camphor)<\/p>\n<p>Synonyms: rosemary essential oil, rozmar\u00fdnov\u00fd esenci\u00e1ln\u00ed olej, \u00c4therisches Rosmarin\u00f6l<\/p>\n<p>Species: Pure<\/p>\n<p>Scent: characteristic<\/p>\n<p>Color: colorless to yellow<\/p>\n<p>Chemical formula: N\/A<\/p>\n<p>CAS number: 84604-14-8<\/p>\n<p>EC number: 283-291-9<\/p><\/p>\n","protected":false},"excerpt":{"rendered":"<p>Biomus Rosemary Essential Oil Name: Rosemary Oil (contains natural camphor) Synonyms: rosemary essential oil, rozmar\u00fdnov\u00fd esenci\u00e1ln\u00ed olej, \u00c4therisches Rosmarin\u00f6l Species: Pure Scent: characteristic Color: colorless to yellow Chemical formula: N\/A CAS number: 84604-14-8 EC number: 283-291-9<\/p>\n","protected":false},"featured_media":10275,"comment_status":"open","ping_status":"closed","template":"","meta":{"inline_featured_image":false},"product_brand":[],"product_cat":[1247],"product_tag":[],"class_list":{"0":"post-10278","1":"product","2":"type-product","3":"status-publish","4":"has-post-thumbnail","6":"product_cat-rosemary-essential-oil","8":"first","9":"instock","10":"taxable","11":"shipping-taxable","12":"purchasable","13":"product-type-simple"},"_links":{"self":[{"href":"https:\/\/sklep.biomus.eu\/en\/wp-json\/wp\/v2\/product\/10278","targetHints":{"allow":["GET"]}}],"collection":[{"href":"https:\/\/sklep.biomus.eu\/en\/wp-json\/wp\/v2\/product"}],"about":[{"href":"https:\/\/sklep.biomus.eu\/en\/wp-json\/wp\/v2\/types\/product"}],"replies":[{"embeddable":true,"href":"https:\/\/sklep.biomus.eu\/en\/wp-json\/wp\/v2\/comments?post=10278"}],"wp:featuredmedia":[{"embeddable":true,"href":"https:\/\/sklep.biomus.eu\/en\/wp-json\/wp\/v2\/media\/10275"}],"wp:attachment":[{"href":"https:\/\/sklep.biomus.eu\/en\/wp-json\/wp\/v2\/media?parent=10278"}],"wp:term":[{"taxonomy":"product_brand","embeddable":true,"href":"https:\/\/sklep.biomus.eu\/en\/wp-json\/wp\/v2\/product_brand?post=10278"},{"taxonomy":"product_cat","embeddable":true,"href":"https:\/\/sklep.biomus.eu\/en\/wp-json\/wp\/v2\/product_cat?post=10278"},{"taxonomy":"product_tag","embeddable":true,"href":"https:\/\/sklep.biomus.eu\/en\/wp-json\/wp\/v2\/product_tag?post=10278"}],"curies":[{"name":"wp","href":"https:\/\/api.w.org\/{rel}","templated":true}]}}