{"id":10312,"date":"2024-02-13T15:25:08","date_gmt":"2024-02-13T14:25:08","guid":{"rendered":"https:\/\/sklep.biomus.eu\/surowce-i-odczynniki-chemiczne\/olejek-cynamonowy-10ml-2\/"},"modified":"2025-12-09T22:39:40","modified_gmt":"2025-12-09T21:39:40","slug":"olejek-cynamonowy-10ml-2","status":"publish","type":"product","link":"https:\/\/sklep.biomus.eu\/en\/surowce-i-odczynniki-chemiczne\/olejek-cynamonowy-10ml-2\/","title":{"rendered":"Cinnamon essential oil 10ml"},"content":{"rendered":"<p>Biomus Cinnamon Essential Oil<\/p>\n<p>Name: Cinnamon Oil (from bark)<\/p>\n<p>Synonyms: cinnamon essential oil, esenci\u00e1ln\u00ed olej ze sko\u0159ice, Zimt\u00f6l<\/p>\n<p>Species: Pure<\/p>\n<p>Color: yellow to dark brown<\/p>\n<p>Scent: characteristic<\/p>\n<p>Chemical formula: N\/A<\/p>\n<p>CAS number: 84649-98-9<\/p>\n<p>EC number: 283-479-0<\/p>\n","protected":false},"excerpt":{"rendered":"<p>Biomus Cinnamon Essential Oil Name: Cinnamon Oil (from bark) Synonyms: cinnamon essential oil, esenci\u00e1ln\u00ed olej ze sko\u0159ice, Zimt\u00f6l Species: Pure Color: yellow to dark brown Scent: characteristic Chemical formula: N\/A CAS number: 84649-98-9 EC number: 283-479-0<\/p>\n","protected":false},"featured_media":15066,"comment_status":"open","ping_status":"closed","template":"","meta":{"inline_featured_image":false},"product_brand":[],"product_cat":[1244],"product_tag":[],"class_list":{"0":"post-10312","1":"product","2":"type-product","3":"status-publish","4":"has-post-thumbnail","6":"product_cat-cinnamon-essential-oil","8":"first","9":"outofstock","10":"taxable","11":"shipping-taxable","12":"purchasable","13":"product-type-simple"},"_links":{"self":[{"href":"https:\/\/sklep.biomus.eu\/en\/wp-json\/wp\/v2\/product\/10312","targetHints":{"allow":["GET"]}}],"collection":[{"href":"https:\/\/sklep.biomus.eu\/en\/wp-json\/wp\/v2\/product"}],"about":[{"href":"https:\/\/sklep.biomus.eu\/en\/wp-json\/wp\/v2\/types\/product"}],"replies":[{"embeddable":true,"href":"https:\/\/sklep.biomus.eu\/en\/wp-json\/wp\/v2\/comments?post=10312"}],"wp:featuredmedia":[{"embeddable":true,"href":"https:\/\/sklep.biomus.eu\/en\/wp-json\/wp\/v2\/media\/15066"}],"wp:attachment":[{"href":"https:\/\/sklep.biomus.eu\/en\/wp-json\/wp\/v2\/media?parent=10312"}],"wp:term":[{"taxonomy":"product_brand","embeddable":true,"href":"https:\/\/sklep.biomus.eu\/en\/wp-json\/wp\/v2\/product_brand?post=10312"},{"taxonomy":"product_cat","embeddable":true,"href":"https:\/\/sklep.biomus.eu\/en\/wp-json\/wp\/v2\/product_cat?post=10312"},{"taxonomy":"product_tag","embeddable":true,"href":"https:\/\/sklep.biomus.eu\/en\/wp-json\/wp\/v2\/product_tag?post=10312"}],"curies":[{"name":"wp","href":"https:\/\/api.w.org\/{rel}","templated":true}]}}