{"id":10681,"date":"2023-10-10T11:23:59","date_gmt":"2023-10-10T09:23:59","guid":{"rendered":"https:\/\/sklep.biomus.eu\/surowce-i-odczynniki-chemiczne\/zel-krzemionkowy-silica-gel-5l-2\/"},"modified":"2025-12-09T22:41:59","modified_gmt":"2025-12-09T21:41:59","slug":"zel-krzemionkowy-silica-gel-5l-2","status":"publish","type":"product","link":"https:\/\/sklep.biomus.eu\/en\/surowce-i-odczynniki-chemiczne\/zel-krzemionkowy-silica-gel-5l-2\/","title":{"rendered":"Silica Gel 5L"},"content":{"rendered":"<p>Name: Orange silica gel<\/p>\n<p>Synonyms: pomara\u0144czowy \u017cel krzemionkowy, Kieselgel, silika\u017cel, silikagel, amorficzny ditlenek krzemu<\/p>\n<p>CAS: 7631-86-9<\/p>\n<p>EC: 231-545-4<\/p>\n","protected":false},"excerpt":{"rendered":"<p>Name: Orange silica gel Synonyms: pomara\u0144czowy \u017cel krzemionkowy, Kieselgel, silika\u017cel, silikagel, amorficzny ditlenek krzemu CAS: 7631-86-9 EC: 231-545-4<\/p>\n","protected":false},"featured_media":10677,"comment_status":"open","ping_status":"closed","template":"","meta":{"inline_featured_image":false},"product_brand":[],"product_cat":[1308],"product_tag":[],"class_list":{"0":"post-10681","1":"product","2":"type-product","3":"status-publish","4":"has-post-thumbnail","6":"product_cat-silica-gel","8":"first","9":"instock","10":"taxable","11":"shipping-taxable","12":"purchasable","13":"product-type-simple"},"_links":{"self":[{"href":"https:\/\/sklep.biomus.eu\/en\/wp-json\/wp\/v2\/product\/10681","targetHints":{"allow":["GET"]}}],"collection":[{"href":"https:\/\/sklep.biomus.eu\/en\/wp-json\/wp\/v2\/product"}],"about":[{"href":"https:\/\/sklep.biomus.eu\/en\/wp-json\/wp\/v2\/types\/product"}],"replies":[{"embeddable":true,"href":"https:\/\/sklep.biomus.eu\/en\/wp-json\/wp\/v2\/comments?post=10681"}],"wp:featuredmedia":[{"embeddable":true,"href":"https:\/\/sklep.biomus.eu\/en\/wp-json\/wp\/v2\/media\/10677"}],"wp:attachment":[{"href":"https:\/\/sklep.biomus.eu\/en\/wp-json\/wp\/v2\/media?parent=10681"}],"wp:term":[{"taxonomy":"product_brand","embeddable":true,"href":"https:\/\/sklep.biomus.eu\/en\/wp-json\/wp\/v2\/product_brand?post=10681"},{"taxonomy":"product_cat","embeddable":true,"href":"https:\/\/sklep.biomus.eu\/en\/wp-json\/wp\/v2\/product_cat?post=10681"},{"taxonomy":"product_tag","embeddable":true,"href":"https:\/\/sklep.biomus.eu\/en\/wp-json\/wp\/v2\/product_tag?post=10681"}],"curies":[{"name":"wp","href":"https:\/\/api.w.org\/{rel}","templated":true}]}}