{"id":10724,"date":"2023-10-05T11:19:57","date_gmt":"2023-10-05T09:19:57","guid":{"rendered":"https:\/\/sklep.biomus.eu\/surowce-i-odczynniki-chemiczne\/olejek-oregano-100ml-2\/"},"modified":"2025-12-09T22:42:22","modified_gmt":"2025-12-09T21:42:22","slug":"olejek-oregano-100ml-2","status":"publish","type":"product","link":"https:\/\/sklep.biomus.eu\/en\/surowce-i-odczynniki-chemiczne\/olejek-oregano-100ml-2\/","title":{"rendered":"Oregano Essential Oil 100ml"},"content":{"rendered":"<p>Packaging: Dark glass bottle<\/p>\n<p>Name: Oregano Oil<\/p>\n<p>Synonyms: \u00e4therisches Oregano\u00f6l, oreganov\u00fd esenci\u00e1ln\u00ed olej<\/p>\n<p>Genre: Pure<\/p>\n<p>Smell: Characteristic<\/p>\n<p>Color: Yellow<\/p>\n<p>CAS number: 84012-24-8<\/p>\n<p>EC number: 281-670-3<\/p><\/p>\n","protected":false},"excerpt":{"rendered":"<p>Packaging: Dark glass bottle Name: Oregano Oil Synonyms: \u00e4therisches Oregano\u00f6l, oreganov\u00fd esenci\u00e1ln\u00ed olej Genre: Pure Smell: Characteristic Color: Yellow CAS number: 84012-24-8 EC number: 281-670-3<\/p>\n","protected":false},"featured_media":10721,"comment_status":"open","ping_status":"closed","template":"","meta":{"inline_featured_image":false},"product_brand":[],"product_cat":[1311],"product_tag":[],"class_list":{"0":"post-10724","1":"product","2":"type-product","3":"status-publish","4":"has-post-thumbnail","6":"product_cat-oregano-essential-oil","8":"first","9":"instock","10":"taxable","11":"shipping-taxable","12":"purchasable","13":"product-type-simple"},"_links":{"self":[{"href":"https:\/\/sklep.biomus.eu\/en\/wp-json\/wp\/v2\/product\/10724","targetHints":{"allow":["GET"]}}],"collection":[{"href":"https:\/\/sklep.biomus.eu\/en\/wp-json\/wp\/v2\/product"}],"about":[{"href":"https:\/\/sklep.biomus.eu\/en\/wp-json\/wp\/v2\/types\/product"}],"replies":[{"embeddable":true,"href":"https:\/\/sklep.biomus.eu\/en\/wp-json\/wp\/v2\/comments?post=10724"}],"wp:featuredmedia":[{"embeddable":true,"href":"https:\/\/sklep.biomus.eu\/en\/wp-json\/wp\/v2\/media\/10721"}],"wp:attachment":[{"href":"https:\/\/sklep.biomus.eu\/en\/wp-json\/wp\/v2\/media?parent=10724"}],"wp:term":[{"taxonomy":"product_brand","embeddable":true,"href":"https:\/\/sklep.biomus.eu\/en\/wp-json\/wp\/v2\/product_brand?post=10724"},{"taxonomy":"product_cat","embeddable":true,"href":"https:\/\/sklep.biomus.eu\/en\/wp-json\/wp\/v2\/product_cat?post=10724"},{"taxonomy":"product_tag","embeddable":true,"href":"https:\/\/sklep.biomus.eu\/en\/wp-json\/wp\/v2\/product_tag?post=10724"}],"curies":[{"name":"wp","href":"https:\/\/api.w.org\/{rel}","templated":true}]}}