{"id":13091,"date":"2017-05-03T00:00:00","date_gmt":"2017-05-02T22:00:00","guid":{"rendered":"https:\/\/sklep.biomus.eu\/surowce-i-odczynniki-chemiczne\/butelka-180ml-hdpe-biala-okragla-ze-zrywka-2\/"},"modified":"2026-02-10T13:17:36","modified_gmt":"2026-02-10T12:17:36","slug":"butelka-180ml-hdpe-biala-okragla-ze-zrywka-2","status":"publish","type":"product","link":"https:\/\/sklep.biomus.eu\/en\/surowce-i-odczynniki-chemiczne\/butelka-180ml-hdpe-biala-okragla-ze-zrywka-2\/","title":{"rendered":"Bottle 180ml HDPE WHITE round with skidding. Butelka 180ml HDPE BIA\u0141A okr\u0105g\u0142a ze zrywk\u0105"},"content":{"rendered":"","protected":false},"excerpt":{"rendered":"<p>HDPE bottle 180ml in white, lid with skidding in white<\/p>\n<p>volume of 180 ml<br \/>\nThread &#8211; cap fi 43 mm<br \/>\nWeight:<br \/>\ndimensions:<br \/>\n&#8211; 61 mm wide<br \/>\n&#8211; height without nut: 90 mm<br \/>\n&#8211; max label:<br \/>\nBulk container: plastic bag or box &#8211; 100 items<br \/>\navailability:<br \/>\nwhite color &#8211; available<\/p>\n","protected":false},"featured_media":16077,"comment_status":"open","ping_status":"closed","template":"","meta":{"inline_featured_image":false},"product_brand":[],"product_cat":[1646],"product_tag":[],"class_list":{"0":"post-13091","1":"product","2":"type-product","3":"status-publish","4":"has-post-thumbnail","6":"product_cat-opakowania","8":"first","9":"instock","10":"taxable","11":"shipping-taxable","12":"purchasable","13":"product-type-simple"},"_links":{"self":[{"href":"https:\/\/sklep.biomus.eu\/en\/wp-json\/wp\/v2\/product\/13091","targetHints":{"allow":["GET"]}}],"collection":[{"href":"https:\/\/sklep.biomus.eu\/en\/wp-json\/wp\/v2\/product"}],"about":[{"href":"https:\/\/sklep.biomus.eu\/en\/wp-json\/wp\/v2\/types\/product"}],"replies":[{"embeddable":true,"href":"https:\/\/sklep.biomus.eu\/en\/wp-json\/wp\/v2\/comments?post=13091"}],"wp:featuredmedia":[{"embeddable":true,"href":"https:\/\/sklep.biomus.eu\/en\/wp-json\/wp\/v2\/media\/16077"}],"wp:attachment":[{"href":"https:\/\/sklep.biomus.eu\/en\/wp-json\/wp\/v2\/media?parent=13091"}],"wp:term":[{"taxonomy":"product_brand","embeddable":true,"href":"https:\/\/sklep.biomus.eu\/en\/wp-json\/wp\/v2\/product_brand?post=13091"},{"taxonomy":"product_cat","embeddable":true,"href":"https:\/\/sklep.biomus.eu\/en\/wp-json\/wp\/v2\/product_cat?post=13091"},{"taxonomy":"product_tag","embeddable":true,"href":"https:\/\/sklep.biomus.eu\/en\/wp-json\/wp\/v2\/product_tag?post=13091"}],"curies":[{"name":"wp","href":"https:\/\/api.w.org\/{rel}","templated":true}]}}