{"id":14327,"date":"2015-09-01T00:00:00","date_gmt":"2015-08-31T22:00:00","guid":{"rendered":"https:\/\/sklep.biomus.eu\/surowce-i-odczynniki-chemiczne\/kalafonia-sosnowa-1kg-2\/"},"modified":"2025-12-09T23:18:14","modified_gmt":"2025-12-09T22:18:14","slug":"kalafonia-sosnowa-1kg-2","status":"publish","type":"product","link":"https:\/\/sklep.biomus.eu\/en\/surowce-i-odczynniki-chemiczne\/kalafonia-sosnowa-1kg-2\/","title":{"rendered":"Kalafonia sosnowa 1kg"},"content":{"rendered":"<p>Kalafonia sosnowa. Bry\u0142ki<\/p>\n<p>Nazwa: Kalafonia sosnowa.<br \/>Synonimy: Rosin<br \/>Gatunek: Naturalna<br \/>Kalafonia sosnowa<\/p>\n<p>Kalafonia (gr. \u201ekolophonia\u201d od nazwy kolonii jo\u0144skiej Kolofon) to mi\u0119kka \u017cywica pochodzenia naturalnego &#8211; pozosta\u0142o\u015b\u0107 po oddestylowaniu terpentyny z \u017cywicy drzew iglastych (g\u0142\u00f3wnie sosny). Jest to substancja krucha, bardzo \u0142amliwa, szklista, p\u00f3\u0142prze\u017aroczysta, o zabarwieniu \u017c\u00f3\u0142tym, ciemnoczerwonym lub ciemnobr\u0105zowym.<\/p>\n<p>Kalafonia ma charakterystyczn\u0105 \u017cywiczn\u0105 wo\u0144. Jest \u0142atwotopliwa i \u0142atwopalna. Dobrze rozpuszcza si\u0119 w wi\u0119kszo\u015bci organicznych rozpuszczalnik\u00f3w, w tym w acetonie, alkoholu amylowym, butylowym, etylowym i metylowym, benzynie, eterze etylowym, ksylenie, toluenie, czterochlorku w\u0119gla oraz olejku terpentynowym, ale nie rozpuszcza si\u0119 w wodzie. Kalafoni\u0119 zmydlaj\u0105 gor\u0105ce roztwory zasad.<\/p>\n<p>Zastosowanie<\/p>\n<p>&#8211; w recepturze aptecznej &#8211; sk\u0142adnik plastra nostrzykowego,<br \/>&#8211; topnik podczas lutowania stopem cynowo-o\u0142owiowym,<br \/>&#8211; nacieranie w\u0142osia smyczk\u00f3w instrument\u00f3w smyczkowych dla zwi\u0119kszenia szorstko\u015bci w\u0142osia oraz jego przyczepno\u015bci do strun,<br \/>&#8211; dawniej stosowana przez szczypiornist\u00f3w do smarowannia d\u0142oni w celu poprawy przyczepno\u015bci pi\u0142ki, <br \/>&#8211; spoiwo w farbach poligraficznych polepszaj\u0105ce w\u0142a\u015bciwo\u015bci maziste farby,<br \/>&#8211; sk\u0142adnik lakier\u00f3w, pokost\u00f3w, myde\u0142, laku, tworzyw sztucznych, gumy,<br \/>&#8211; wykorzystywana przez tancerzy do uzyskiwania du\u017cej przyczepno\u015bci baletek lub innego obuwia do pod\u0142o\u017ca,<br \/>&#8211; rozpuszczona w alkoholu &#8211; jako lakier do zabezpieczenia przed utlenianiem i u\u0142atwienia lutowania p\u0142ytek drukowanych wykonanych domow\u0105 metod\u0105.<\/p>\n<p>Uwaga!<br \/>Kalafonia sprzedawana jest w bry\u0142kach, jednak ze wzgl\u0119du na krucho\u015b\u0107 materia\u0142u opakowanie mo\u017ce zawiera\u0107 5-10% kalafoni w proszku lub mniejszych drobinek.<\/p>\n","protected":false},"excerpt":{"rendered":"<p>Kalafonia sosnowa. Bry\u0142ki Nazwa: Kalafonia sosnowa.Synonimy: RosinGatunek: NaturalnaKalafonia sosnowa Kalafonia (gr. \u201ekolophonia\u201d od nazwy kolonii jo\u0144skiej Kolofon) to mi\u0119kka \u017cywica pochodzenia naturalnego &#8211; pozosta\u0142o\u015b\u0107 po oddestylowaniu terpentyny z \u017cywicy drzew iglastych (g\u0142\u00f3wnie sosny). Jest to substancja krucha, bardzo \u0142amliwa, szklista, p\u00f3\u0142prze\u017aroczysta, o zabarwieniu \u017c\u00f3\u0142tym, ciemnoczerwonym lub ciemnobr\u0105zowym. Kalafonia ma charakterystyczn\u0105 \u017cywiczn\u0105 wo\u0144. Jest \u0142atwotopliwa i [&hellip;]<\/p>\n","protected":false},"featured_media":17588,"comment_status":"open","ping_status":"closed","template":"","meta":{"inline_featured_image":false},"product_brand":[],"product_cat":[1362],"product_tag":[],"class_list":{"0":"post-14327","1":"product","2":"type-product","3":"status-publish","4":"has-post-thumbnail","6":"product_cat-kalafonia-sosnowa-brylki","8":"first","9":"instock","10":"taxable","11":"shipping-taxable","12":"purchasable","13":"product-type-simple"},"_links":{"self":[{"href":"https:\/\/sklep.biomus.eu\/en\/wp-json\/wp\/v2\/product\/14327","targetHints":{"allow":["GET"]}}],"collection":[{"href":"https:\/\/sklep.biomus.eu\/en\/wp-json\/wp\/v2\/product"}],"about":[{"href":"https:\/\/sklep.biomus.eu\/en\/wp-json\/wp\/v2\/types\/product"}],"replies":[{"embeddable":true,"href":"https:\/\/sklep.biomus.eu\/en\/wp-json\/wp\/v2\/comments?post=14327"}],"wp:featuredmedia":[{"embeddable":true,"href":"https:\/\/sklep.biomus.eu\/en\/wp-json\/wp\/v2\/media\/17588"}],"wp:attachment":[{"href":"https:\/\/sklep.biomus.eu\/en\/wp-json\/wp\/v2\/media?parent=14327"}],"wp:term":[{"taxonomy":"product_brand","embeddable":true,"href":"https:\/\/sklep.biomus.eu\/en\/wp-json\/wp\/v2\/product_brand?post=14327"},{"taxonomy":"product_cat","embeddable":true,"href":"https:\/\/sklep.biomus.eu\/en\/wp-json\/wp\/v2\/product_cat?post=14327"},{"taxonomy":"product_tag","embeddable":true,"href":"https:\/\/sklep.biomus.eu\/en\/wp-json\/wp\/v2\/product_tag?post=14327"}],"curies":[{"name":"wp","href":"https:\/\/api.w.org\/{rel}","templated":true}]}}