{"id":16033,"date":"2026-02-10T12:48:24","date_gmt":"2026-02-10T11:48:24","guid":{"rendered":"https:\/\/sklep.biomus.eu\/?post_type=product&#038;p=16033"},"modified":"2026-02-10T13:55:41","modified_gmt":"2026-02-10T12:55:41","slug":"flexible-bottle-biomus-250ml-kopia","status":"publish","type":"product","link":"https:\/\/sklep.biomus.eu\/en\/surowce-i-odczynniki-chemiczne\/flexible-bottle-biomus-250ml-kopia\/","title":{"rendered":"Bottle 1l PE WHITE cap trigger BIOMUS. Butelka 1L PE BIA\u0141A spryskiwacz nakr\u0119tka BIOMUS"},"content":{"rendered":"<p data-start=\"134\" data-end=\"225\"><strong data-start=\"134\" data-end=\"225\">PE bottle + cap + trigger BIOMUS 1000 ml 1L<\/strong><\/p>\n<p data-start=\"227\" data-end=\"248\"><strong data-start=\"227\" data-end=\"248\">The set includes:<\/strong><\/p>\n<ul data-start=\"249\" data-end=\"330\">\n<li data-start=\"249\" data-end=\"280\">\n<p data-start=\"251\" data-end=\"280\">PE bottle fi 28, 1 L \u00d7 1 pc<\/p>\n<\/li>\n<li data-start=\"281\" data-end=\"307\">\n<p data-start=\"283\" data-end=\"307\">Trigger sprayer \u00d7 1 pc<\/p>\n<\/li>\n<li data-start=\"308\" data-end=\"330\">\n<p data-start=\"310\" data-end=\"330\">Cap (black) \u00d7 1 pc<\/p>\n<\/li>\n<\/ul>\n<p data-start=\"332\" data-end=\"359\"><strong data-start=\"332\" data-end=\"359\">Additional information:<\/strong><\/p>\n<ul data-start=\"360\" data-end=\"459\">\n<li data-start=\"360\" data-end=\"387\">\n<p data-start=\"362\" data-end=\"387\">Capacity: 1000 ml \u2013 1 L<\/p>\n<\/li>\n<li data-start=\"388\" data-end=\"405\">\n<p data-start=\"390\" data-end=\"405\">Thread: 28 mm<\/p>\n<\/li>\n<li data-start=\"406\" data-end=\"428\">\n<p data-start=\"408\" data-end=\"428\">Weight: 47 g \u00b1 10%<\/p>\n<\/li>\n<li data-start=\"429\" data-end=\"459\">\n<p data-start=\"431\" data-end=\"459\">Color: milky (transparent)<\/p>\n<\/li>\n<\/ul>\n<p data-start=\"461\" data-end=\"476\"><strong data-start=\"461\" data-end=\"476\">Dimensions:<\/strong><\/p>\n<ul data-start=\"477\" data-end=\"561\">\n<li data-start=\"477\" data-end=\"501\">\n<p data-start=\"479\" data-end=\"501\">Base diameter: 59 mm<\/p>\n<\/li>\n<li data-start=\"502\" data-end=\"532\">\n<p data-start=\"504\" data-end=\"532\">Height without cap: 210 mm<\/p>\n<\/li>\n<li data-start=\"533\" data-end=\"561\">\n<p data-start=\"535\" data-end=\"561\">Max label height: 160 mm<\/p>\n<\/li>\n<\/ul>\n<p data-start=\"563\" data-end=\"584\"><strong data-start=\"563\" data-end=\"582\">Bulk packaging:<\/strong><\/p>\n<ul data-start=\"585\" data-end=\"610\">\n<li data-start=\"585\" data-end=\"610\">\n<p data-start=\"587\" data-end=\"610\">Plastic bag \u2013 100 pcs<\/p>\n<\/li>\n<\/ul>\n","protected":false},"excerpt":{"rendered":"<p>PE bottle + cap + trigger BIOMUS 1000 ml 1L The set includes: PE bottle fi 28, 1 L \u00d7 1 pc Trigger sprayer \u00d7 1 pc Cap (black) \u00d7 1 pc Additional information: Capacity: 1000 ml \u2013 1 L Thread: 28 mm Weight: 47 g \u00b1 10% Color: milky (transparent) Dimensions: Base diameter: 59 [&hellip;]<\/p>\n","protected":false},"featured_media":16038,"comment_status":"open","ping_status":"closed","template":"","meta":{"inline_featured_image":false},"product_brand":[],"product_cat":[1646],"product_tag":[],"class_list":{"0":"post-16033","1":"product","2":"type-product","3":"status-publish","4":"has-post-thumbnail","6":"product_cat-opakowania","8":"first","9":"instock","10":"taxable","11":"shipping-taxable","12":"purchasable","13":"product-type-simple"},"_links":{"self":[{"href":"https:\/\/sklep.biomus.eu\/en\/wp-json\/wp\/v2\/product\/16033","targetHints":{"allow":["GET"]}}],"collection":[{"href":"https:\/\/sklep.biomus.eu\/en\/wp-json\/wp\/v2\/product"}],"about":[{"href":"https:\/\/sklep.biomus.eu\/en\/wp-json\/wp\/v2\/types\/product"}],"replies":[{"embeddable":true,"href":"https:\/\/sklep.biomus.eu\/en\/wp-json\/wp\/v2\/comments?post=16033"}],"wp:featuredmedia":[{"embeddable":true,"href":"https:\/\/sklep.biomus.eu\/en\/wp-json\/wp\/v2\/media\/16038"}],"wp:attachment":[{"href":"https:\/\/sklep.biomus.eu\/en\/wp-json\/wp\/v2\/media?parent=16033"}],"wp:term":[{"taxonomy":"product_brand","embeddable":true,"href":"https:\/\/sklep.biomus.eu\/en\/wp-json\/wp\/v2\/product_brand?post=16033"},{"taxonomy":"product_cat","embeddable":true,"href":"https:\/\/sklep.biomus.eu\/en\/wp-json\/wp\/v2\/product_cat?post=16033"},{"taxonomy":"product_tag","embeddable":true,"href":"https:\/\/sklep.biomus.eu\/en\/wp-json\/wp\/v2\/product_tag?post=16033"}],"curies":[{"name":"wp","href":"https:\/\/api.w.org\/{rel}","templated":true}]}}