{"id":9343,"date":"2025-07-09T11:32:32","date_gmt":"2025-07-09T09:32:32","guid":{"rendered":"https:\/\/sklep.biomus.eu\/surowce-i-odczynniki-chemiczne\/karbid-120kg-2\/"},"modified":"2025-12-09T22:33:10","modified_gmt":"2025-12-09T21:33:10","slug":"karbid-120kg-2","status":"publish","type":"product","link":"https:\/\/sklep.biomus.eu\/en\/surowce-i-odczynniki-chemiczne\/karbid-120kg-2\/","title":{"rendered":"Carbide. Karbid 120kg"},"content":{"rendered":"<h2>Surowiec dost\u0119pny r\u00f3wnie\u017c w du\u017cych pojemno\u015bciach!<\/h2>\n<p>Karbid Beczka 120kg BIOMUS<\/p>\n<\/p>\n<p>Potrzebujesz wi\u0119kszych ilo\u015bci surowca?<\/p>\n<p>Oferujemy du\u017ce pojemniki, np. beczki, mauzery.<\/p>\n<\/p>\n<p>Cena ustalana indywidualnie \u2013 w zale\u017cno\u015bci od wielko\u015bci zam\u00f3wienia.<\/p>\n<p>Skontaktuj si\u0119 z nami, aby otrzyma\u0107 ofert\u0119 dopasowan\u0105 do Twoich potrzeb.<\/p>\n<\/p>\n<p>Ch\u0119tnie doradzimy i przygotujemy korzystn\u0105 propozycj\u0119 \u2013 napisz do nas lub zadzwo\u0144!<\/p>\n<p>Telefon: +48 790 854 454, +48 665 800 600<\/p>\n<p>E-mail: biomus@wp.pl<\/p><\/p>\n","protected":false},"excerpt":{"rendered":"<p>Surowiec dost\u0119pny r\u00f3wnie\u017c w du\u017cych pojemno\u015bciach! Karbid Beczka 120kg BIOMUS Potrzebujesz wi\u0119kszych ilo\u015bci surowca? Oferujemy du\u017ce pojemniki, np. beczki, mauzery. Cena ustalana indywidualnie \u2013 w zale\u017cno\u015bci od wielko\u015bci zam\u00f3wienia. Skontaktuj si\u0119 z nami, aby otrzyma\u0107 ofert\u0119 dopasowan\u0105 do Twoich potrzeb. Ch\u0119tnie doradzimy i przygotujemy korzystn\u0105 propozycj\u0119 \u2013 napisz do nas lub zadzwo\u0144! Telefon: +48 790 [&hellip;]<\/p>\n","protected":false},"featured_media":15316,"comment_status":"open","ping_status":"closed","template":"","meta":{"inline_featured_image":false},"product_brand":[],"product_cat":[1069],"product_tag":[],"class_list":{"0":"post-9343","1":"product","2":"type-product","3":"status-publish","4":"has-post-thumbnail","6":"product_cat-carbide","8":"first","9":"outofstock","10":"taxable","11":"shipping-taxable","12":"purchasable","13":"product-type-simple"},"_links":{"self":[{"href":"https:\/\/sklep.biomus.eu\/en\/wp-json\/wp\/v2\/product\/9343","targetHints":{"allow":["GET"]}}],"collection":[{"href":"https:\/\/sklep.biomus.eu\/en\/wp-json\/wp\/v2\/product"}],"about":[{"href":"https:\/\/sklep.biomus.eu\/en\/wp-json\/wp\/v2\/types\/product"}],"replies":[{"embeddable":true,"href":"https:\/\/sklep.biomus.eu\/en\/wp-json\/wp\/v2\/comments?post=9343"}],"wp:featuredmedia":[{"embeddable":true,"href":"https:\/\/sklep.biomus.eu\/en\/wp-json\/wp\/v2\/media\/15316"}],"wp:attachment":[{"href":"https:\/\/sklep.biomus.eu\/en\/wp-json\/wp\/v2\/media?parent=9343"}],"wp:term":[{"taxonomy":"product_brand","embeddable":true,"href":"https:\/\/sklep.biomus.eu\/en\/wp-json\/wp\/v2\/product_brand?post=9343"},{"taxonomy":"product_cat","embeddable":true,"href":"https:\/\/sklep.biomus.eu\/en\/wp-json\/wp\/v2\/product_cat?post=9343"},{"taxonomy":"product_tag","embeddable":true,"href":"https:\/\/sklep.biomus.eu\/en\/wp-json\/wp\/v2\/product_tag?post=9343"}],"curies":[{"name":"wp","href":"https:\/\/api.w.org\/{rel}","templated":true}]}}