{"id":9409,"date":"2025-07-03T11:54:25","date_gmt":"2025-07-03T09:54:25","guid":{"rendered":"https:\/\/sklep.biomus.eu\/surowce-i-odczynniki-chemiczne\/alkohol-izopropylowy-ipa-izopropanol-czysty-min-999-800kg-2\/"},"modified":"2025-12-09T22:33:33","modified_gmt":"2025-12-09T21:33:33","slug":"alkohol-izopropylowy-ipa-izopropanol-czysty-min-999-800kg-2","status":"publish","type":"product","link":"https:\/\/sklep.biomus.eu\/en\/surowce-i-odczynniki-chemiczne\/alkohol-izopropylowy-ipa-izopropanol-czysty-min-999-800kg-2\/","title":{"rendered":"Isopropyl alcohol. IPA. Isopropanol clean min. 99.9%. Alkohol izopropylowy. IPA. Izopropanol czysty min. 99,9% 800kg"},"content":{"rendered":"<\/p>\n<h2>Surowiec dost\u0119pny r\u00f3wnie\u017c w du\u017cych pojemno\u015bciach!<\/h2>\n<p>\u00a0Alkohol izopropylowy. IPA Mauzer 800kg BIOMUS<\/p>\n<\/p>\n<p>Potrzebujesz wi\u0119kszych ilo\u015bci surowca?<\/p>\n<p>Oferujemy du\u017ce pojemniki, np. beczki, mauzery.<\/p>\n<\/p>\n<p>Cena ustalana indywidualnie \u2013 w zale\u017cno\u015bci od wielko\u015bci zam\u00f3wienia.<\/p>\n<p>Skontaktuj si\u0119 z nami, aby otrzyma\u0107 ofert\u0119 dopasowan\u0105 do Twoich potrzeb.<\/p>\n<\/p>\n<p>Ch\u0119tnie doradzimy i przygotujemy korzystn\u0105 propozycj\u0119 \u2013 napisz do nas lub zadzwo\u0144!<\/p>\n<p>Telefon: +48 790 854 454, +48 665 800 600<\/p>\n<p>E-mail: biomus@wp.pl<\/p>\n<\/p>\n<h2>Alkohol izopropylowy IPA<\/h2>\n<p><b>Jak dzia\u0142a alkohol izopropylowy IPA:<\/b><\/p>\n<p>doskonale odt\u0142uszcza powierzchnie<br \/>\nszybko odparowuje bez pozostawiania zaciek\u00f3w i smug<br \/>\nrozpuszcza smary i oleje<br \/>\nnie pozostawia \u015blad\u00f3w na czyszczonych powierzchniach<br \/>\nusuwa z powierzchni wszelkie zanieczyszczenia i zabrudzenia<br \/>\nbardzo \u0142atwo miesza si\u0119 z wod\u0105<\/p>\n<p><b>Alkohol izopropylowy ma bardzo szerokie zastosowanie:<\/b><\/p>\n<p>sprawdza si\u0119 jako odmra\u017cacz do szyb<br \/>\nczy\u015bci ekrany telefon\u00f3w i ekrany monitor\u00f3w LED, LCD oraz tradycyjnych monitor\u00f3w<br \/>\nczy\u015bci optyk\u0119 obiektyw\u00f3w, okular\u00f3w, lornetek, teleskop\u00f3w, laser\u00f3w<br \/>\nczy\u015bci tkaniny bawe\u0142niane i elementy wykonane z drewna<br \/>\nczy\u015bci cz\u0119\u015bci samochodowe<br \/>\nczy\u015bci szk\u0142o, lustra, szyby, szyby samochodowe nie pozostawiaj\u0105c smug<br \/>\nczy\u015bci delikatne cz\u0119\u015bci i styki urz\u0105dze\u0144 elektronicznych i elektrycznych<br \/>\nczy\u015bci czytniki laserowe<br \/>\nczy\u015bci g\u0142owice magnetyczne<br \/>\n&#8220;ratuje&#8221; telefony po zalaniu wod\u0105 (wypiera wod\u0119 ze styk\u00f3w elektronicznych)<br \/>\nstosowany jako rozpuszczalnik do farb w drukarkach<br \/>\ndoskonale odt\u0142uszcza powierzchnie<br \/>\nzmywa naklejki i stare \u015blady po ta\u015bmach klej\u0105cych (nie wszystkie typy klej\u00f3w)<br \/>\nzmywa pasty termoprzewodz\u0105ce<\/p>\n<p><b>Niebezpiecze\u0144stwa:<\/b><\/p>\n<p>Wysoce \u0142atwopalna ciecz i pary<br \/>\nDzia\u0142a dra\u017cni\u0105co na oczy.<br \/>\nMo\u017ce wywo\u0142ywa\u0107 uczucie senno\u015bci lub zawroty g\u0142owy.<\/p>\n","protected":false},"excerpt":{"rendered":"<p>Surowiec dost\u0119pny r\u00f3wnie\u017c w du\u017cych pojemno\u015bciach! \u00a0Alkohol izopropylowy. IPA Mauzer 800kg BIOMUS Potrzebujesz wi\u0119kszych ilo\u015bci surowca? Oferujemy du\u017ce pojemniki, np. beczki, mauzery. Cena ustalana indywidualnie \u2013 w zale\u017cno\u015bci od wielko\u015bci zam\u00f3wienia. Skontaktuj si\u0119 z nami, aby otrzyma\u0107 ofert\u0119 dopasowan\u0105 do Twoich potrzeb. Ch\u0119tnie doradzimy i przygotujemy korzystn\u0105 propozycj\u0119 \u2013 napisz do nas lub zadzwo\u0144! Telefon: [&hellip;]<\/p>\n","protected":false},"featured_media":14989,"comment_status":"open","ping_status":"closed","template":"","meta":{"inline_featured_image":false},"product_brand":[],"product_cat":[1090],"product_tag":[],"class_list":{"0":"post-9409","1":"product","2":"type-product","3":"status-publish","4":"has-post-thumbnail","6":"product_cat-isopropyl-alcohol","8":"first","9":"outofstock","10":"taxable","11":"shipping-taxable","12":"purchasable","13":"product-type-simple"},"_links":{"self":[{"href":"https:\/\/sklep.biomus.eu\/en\/wp-json\/wp\/v2\/product\/9409","targetHints":{"allow":["GET"]}}],"collection":[{"href":"https:\/\/sklep.biomus.eu\/en\/wp-json\/wp\/v2\/product"}],"about":[{"href":"https:\/\/sklep.biomus.eu\/en\/wp-json\/wp\/v2\/types\/product"}],"replies":[{"embeddable":true,"href":"https:\/\/sklep.biomus.eu\/en\/wp-json\/wp\/v2\/comments?post=9409"}],"wp:featuredmedia":[{"embeddable":true,"href":"https:\/\/sklep.biomus.eu\/en\/wp-json\/wp\/v2\/media\/14989"}],"wp:attachment":[{"href":"https:\/\/sklep.biomus.eu\/en\/wp-json\/wp\/v2\/media?parent=9409"}],"wp:term":[{"taxonomy":"product_brand","embeddable":true,"href":"https:\/\/sklep.biomus.eu\/en\/wp-json\/wp\/v2\/product_brand?post=9409"},{"taxonomy":"product_cat","embeddable":true,"href":"https:\/\/sklep.biomus.eu\/en\/wp-json\/wp\/v2\/product_cat?post=9409"},{"taxonomy":"product_tag","embeddable":true,"href":"https:\/\/sklep.biomus.eu\/en\/wp-json\/wp\/v2\/product_tag?post=9409"}],"curies":[{"name":"wp","href":"https:\/\/api.w.org\/{rel}","templated":true}]}}