{"id":9433,"date":"2025-07-01T14:25:20","date_gmt":"2025-07-01T12:25:20","guid":{"rendered":"https:\/\/sklep.biomus.eu\/surowce-i-odczynniki-chemiczne\/magnezja-w-plynie-kremie-100ml-2\/"},"modified":"2025-12-09T22:33:41","modified_gmt":"2025-12-09T21:33:41","slug":"magnezja-w-plynie-kremie-100ml-2","status":"publish","type":"product","link":"https:\/\/sklep.biomus.eu\/en\/surowce-i-odczynniki-chemiczne\/magnezja-w-plynie-kremie-100ml-2\/","title":{"rendered":"Magnezja w p\u0142ynie. Magnesia Cream. Liquid Chalk 100ml"},"content":{"rendered":"<p data-start=\"1224\" data-end=\"1271\">Magnesia Cream \/ Liquid Chalk BIOMUS 100 ml<\/p>\n<p data-start=\"1275\" data-end=\"1291\">POLISH product<\/p>\n<p data-start=\"1294\" data-end=\"1317\">Thick, creamy formula<\/p>\n<p data-start=\"1320\" data-end=\"1340\">Maximum efficiency<\/p>\n<p data-start=\"1343\" data-end=\"1364\">Practical packaging<\/p>\n<p data-start=\"1366\" data-end=\"1507\">Name: Magnesia, Liquid Chalk, Fl\u00fcssiges Magnesium, Tekut\u00e1 Magn\u00e9zia<br data-start=\"1436\" data-end=\"1439\" \/> Synonyms: Cream magnesia, thick liquid chalk<br data-start=\"1487\" data-end=\"1490\" \/> Grade: Pure<\/p>\n<p data-start=\"1509\" data-end=\"1701\">Professional cream magnesia is a product developed for situations that require increased surface grip. The creamy texture ensures easy and precise application, reducing dust and excessive use.<\/p>\n<p data-start=\"1703\" data-end=\"1721\">POLISH product<\/p>\n<p data-start=\"1725\" data-end=\"1760\">Ready to use \u2013 no dilution needed<\/p>\n<p data-start=\"1763\" data-end=\"1810\">Developed and produced in a Polish laboratory<\/p>\n<p data-start=\"1813\" data-end=\"1856\">Contains high-quality magnesium carbonate<\/p>\n<p data-start=\"1859\" data-end=\"1880\">Fast-drying formula<\/p>\n<p data-start=\"1883\" data-end=\"1907\">Economical consumption<\/p>\n<p data-start=\"1910\" data-end=\"1931\">Practical packaging<\/p>\n<p data-start=\"1934\" data-end=\"1963\">Available in multiple sizes<\/p>\n<p data-start=\"1965\" data-end=\"2141\">Ingredients:<br data-start=\"1981\" data-end=\"1984\" \/> Ethanol CAS: 64-17-5, EC: 200-578-6<br data-start=\"2019\" data-end=\"2022\" \/> Magnesium hydrogen carbonate CAS: 12125-28-9, EC: 235-192-7<br data-start=\"2081\" data-end=\"2084\" \/> Water CAS: 7732-18-5, EC: 231-791-2<br data-start=\"2119\" data-end=\"2122\" \/> HPMC CAS: 9004-65-3<\/p>\n","protected":false},"excerpt":{"rendered":"<p>Magnesia Cream \/ Liquid Chalk BIOMUS 100 ml POLISH product Thick, creamy formula Maximum efficiency Practical packaging Name: Magnesia, Liquid Chalk, Fl\u00fcssiges Magnesium, Tekut\u00e1 Magn\u00e9zia Synonyms: Cream magnesia, thick liquid chalk Grade: Pure Professional cream magnesia is a product developed for situations that require increased surface grip. The creamy texture ensures easy and precise application, [&hellip;]<\/p>\n","protected":false},"featured_media":9429,"comment_status":"open","ping_status":"closed","template":"","meta":{"inline_featured_image":false},"product_brand":[],"product_cat":[1096],"product_tag":[],"class_list":{"0":"post-9433","1":"product","2":"type-product","3":"status-publish","4":"has-post-thumbnail","6":"product_cat-magnesia-cream-liquid-chalk","8":"first","9":"instock","10":"taxable","11":"shipping-taxable","12":"purchasable","13":"product-type-simple"},"_links":{"self":[{"href":"https:\/\/sklep.biomus.eu\/en\/wp-json\/wp\/v2\/product\/9433","targetHints":{"allow":["GET"]}}],"collection":[{"href":"https:\/\/sklep.biomus.eu\/en\/wp-json\/wp\/v2\/product"}],"about":[{"href":"https:\/\/sklep.biomus.eu\/en\/wp-json\/wp\/v2\/types\/product"}],"replies":[{"embeddable":true,"href":"https:\/\/sklep.biomus.eu\/en\/wp-json\/wp\/v2\/comments?post=9433"}],"wp:featuredmedia":[{"embeddable":true,"href":"https:\/\/sklep.biomus.eu\/en\/wp-json\/wp\/v2\/media\/9429"}],"wp:attachment":[{"href":"https:\/\/sklep.biomus.eu\/en\/wp-json\/wp\/v2\/media?parent=9433"}],"wp:term":[{"taxonomy":"product_brand","embeddable":true,"href":"https:\/\/sklep.biomus.eu\/en\/wp-json\/wp\/v2\/product_brand?post=9433"},{"taxonomy":"product_cat","embeddable":true,"href":"https:\/\/sklep.biomus.eu\/en\/wp-json\/wp\/v2\/product_cat?post=9433"},{"taxonomy":"product_tag","embeddable":true,"href":"https:\/\/sklep.biomus.eu\/en\/wp-json\/wp\/v2\/product_tag?post=9433"}],"curies":[{"name":"wp","href":"https:\/\/api.w.org\/{rel}","templated":true}]}}