{"id":9651,"date":"2025-05-15T10:30:16","date_gmt":"2025-05-15T08:30:16","guid":{"rendered":"https:\/\/sklep.biomus.eu\/surowce-i-odczynniki-chemiczne\/oliwa-magnezowa-50-250ml-2\/"},"modified":"2025-12-09T22:35:04","modified_gmt":"2025-12-09T21:35:04","slug":"oliwa-magnezowa-50-250ml-2","status":"publish","type":"product","link":"https:\/\/sklep.biomus.eu\/en\/surowce-i-odczynniki-chemiczne\/oliwa-magnezowa-50-250ml-2\/","title":{"rendered":"Magnesium oil solution 50% 250ml"},"content":{"rendered":"<p data-start=\"493\" data-end=\"528\">Magnesium Oil 50% 250ml<\/p>\n<p data-start=\"582\" data-end=\"605\">Name: Magnesium Oil<\/p>\n<p data-start=\"607\" data-end=\"753\">Synonyms: Magnesium oil, aqueous solution of magnesium chloride hexahydrate, Magnesium oil solution, Magnesium\u00f6l L\u00f6sung, Ho\u0159\u010d\u00edkov\u00fd olej roztok<\/p>\n<p data-start=\"755\" data-end=\"770\">Grade: Pure<\/p>\n<p data-start=\"772\" data-end=\"788\">Purity: Pure<\/p>\n<p data-start=\"790\" data-end=\"824\">Chemical formula: MgCl\u2082 \u00b7 6H\u2082O<\/p>\n<p data-start=\"826\" data-end=\"848\">CAS No.: 7791-18-6<\/p>\n<p data-start=\"850\" data-end=\"871\">EC No.: 232-094-6<\/p><\/p>\n","protected":false},"excerpt":{"rendered":"<p>Magnesium Oil 50% 250ml Name: Magnesium Oil Synonyms: Magnesium oil, aqueous solution of magnesium chloride hexahydrate, Magnesium oil solution, Magnesium\u00f6l L\u00f6sung, Ho\u0159\u010d\u00edkov\u00fd olej roztok Grade: Pure Purity: Pure Chemical formula: MgCl\u2082 \u00b7 6H\u2082O CAS No.: 7791-18-6 EC No.: 232-094-6<\/p>\n","protected":false},"featured_media":9648,"comment_status":"open","ping_status":"closed","template":"","meta":{"inline_featured_image":false},"product_brand":[],"product_cat":[1113],"product_tag":[],"class_list":{"0":"post-9651","1":"product","2":"type-product","3":"status-publish","4":"has-post-thumbnail","6":"product_cat-magnesium-oil","8":"first","9":"instock","10":"taxable","11":"shipping-taxable","12":"purchasable","13":"product-type-simple"},"_links":{"self":[{"href":"https:\/\/sklep.biomus.eu\/en\/wp-json\/wp\/v2\/product\/9651","targetHints":{"allow":["GET"]}}],"collection":[{"href":"https:\/\/sklep.biomus.eu\/en\/wp-json\/wp\/v2\/product"}],"about":[{"href":"https:\/\/sklep.biomus.eu\/en\/wp-json\/wp\/v2\/types\/product"}],"replies":[{"embeddable":true,"href":"https:\/\/sklep.biomus.eu\/en\/wp-json\/wp\/v2\/comments?post=9651"}],"wp:featuredmedia":[{"embeddable":true,"href":"https:\/\/sklep.biomus.eu\/en\/wp-json\/wp\/v2\/media\/9648"}],"wp:attachment":[{"href":"https:\/\/sklep.biomus.eu\/en\/wp-json\/wp\/v2\/media?parent=9651"}],"wp:term":[{"taxonomy":"product_brand","embeddable":true,"href":"https:\/\/sklep.biomus.eu\/en\/wp-json\/wp\/v2\/product_brand?post=9651"},{"taxonomy":"product_cat","embeddable":true,"href":"https:\/\/sklep.biomus.eu\/en\/wp-json\/wp\/v2\/product_cat?post=9651"},{"taxonomy":"product_tag","embeddable":true,"href":"https:\/\/sklep.biomus.eu\/en\/wp-json\/wp\/v2\/product_tag?post=9651"}],"curies":[{"name":"wp","href":"https:\/\/api.w.org\/{rel}","templated":true}]}}