{"id":9771,"date":"2025-03-12T14:15:03","date_gmt":"2025-03-12T13:15:03","guid":{"rendered":"https:\/\/sklep.biomus.eu\/surowce-i-odczynniki-chemiczne\/glinka-zolta-25kg-2\/"},"modified":"2025-12-09T22:35:51","modified_gmt":"2025-12-09T21:35:51","slug":"glinka-zolta-25kg-2","status":"publish","type":"product","link":"https:\/\/sklep.biomus.eu\/en\/surowce-i-odczynniki-chemiczne\/glinka-zolta-25kg-2\/","title":{"rendered":"Yellow Clay 25kg"},"content":{"rendered":"<p data-start=\"43\" data-end=\"72\">Yellow Clay BIOMUS 25kg<\/p>\n<p>Name: Yellow Clay<br \/>\nSynonyms: yellow clay, Gelber Ton, \u017elut\u00fd j\u00edl, yellow illite clay<br \/>\nGrade: Pure<br \/>\nCAS Number: 12173-60-3<br \/>\nMineral raw material of natural origin.<br \/>\nThe substance is not classified as hazardous according to GHS criteria.<\/p>\n","protected":false},"excerpt":{"rendered":"<p>Yellow Clay BIOMUS 25kg Name: Yellow Clay Synonyms: yellow clay, Gelber Ton, \u017elut\u00fd j\u00edl, yellow illite clay Grade: Pure CAS Number: 12173-60-3 Mineral raw material of natural origin. The substance is not classified as hazardous according to GHS criteria.<\/p>\n","protected":false},"featured_media":15291,"comment_status":"open","ping_status":"closed","template":"","meta":{"inline_featured_image":false},"product_brand":[],"product_cat":[1134],"product_tag":[],"class_list":{"0":"post-9771","1":"product","2":"type-product","3":"status-publish","4":"has-post-thumbnail","6":"product_cat-yellow-clay","8":"first","9":"instock","10":"taxable","11":"shipping-taxable","12":"purchasable","13":"product-type-simple"},"_links":{"self":[{"href":"https:\/\/sklep.biomus.eu\/en\/wp-json\/wp\/v2\/product\/9771","targetHints":{"allow":["GET"]}}],"collection":[{"href":"https:\/\/sklep.biomus.eu\/en\/wp-json\/wp\/v2\/product"}],"about":[{"href":"https:\/\/sklep.biomus.eu\/en\/wp-json\/wp\/v2\/types\/product"}],"replies":[{"embeddable":true,"href":"https:\/\/sklep.biomus.eu\/en\/wp-json\/wp\/v2\/comments?post=9771"}],"wp:featuredmedia":[{"embeddable":true,"href":"https:\/\/sklep.biomus.eu\/en\/wp-json\/wp\/v2\/media\/15291"}],"wp:attachment":[{"href":"https:\/\/sklep.biomus.eu\/en\/wp-json\/wp\/v2\/media?parent=9771"}],"wp:term":[{"taxonomy":"product_brand","embeddable":true,"href":"https:\/\/sklep.biomus.eu\/en\/wp-json\/wp\/v2\/product_brand?post=9771"},{"taxonomy":"product_cat","embeddable":true,"href":"https:\/\/sklep.biomus.eu\/en\/wp-json\/wp\/v2\/product_cat?post=9771"},{"taxonomy":"product_tag","embeddable":true,"href":"https:\/\/sklep.biomus.eu\/en\/wp-json\/wp\/v2\/product_tag?post=9771"}],"curies":[{"name":"wp","href":"https:\/\/api.w.org\/{rel}","templated":true}]}}