{"id":9816,"date":"2025-03-12T13:56:47","date_gmt":"2025-03-12T12:56:47","guid":{"rendered":"https:\/\/sklep.biomus.eu\/surowce-i-odczynniki-chemiczne\/glinka-czerwona-500g-2\/"},"modified":"2025-12-09T22:36:05","modified_gmt":"2025-12-09T21:36:05","slug":"glinka-czerwona-500g-2","status":"publish","type":"product","link":"https:\/\/sklep.biomus.eu\/en\/surowce-i-odczynniki-chemiczne\/glinka-czerwona-500g-2\/","title":{"rendered":"Red Clay 500g"},"content":{"rendered":"<p data-start=\"43\" data-end=\"64\">Red Clay BIOMUS 500g<\/p>\n<p>Name: Red Clay<br \/>\nSynonyms: red clay, Roter Ton, \u010derven\u00fd j\u00edl, red clay illite<br \/>\nGrade: Pure<br \/>\nCAS Number: 12173-60-3<br \/>\nMineral raw material of natural origin.<br \/>\nThe substance is not classified as hazardous according to GHS criteria.<\/p>\n","protected":false},"excerpt":{"rendered":"<p>Red Clay BIOMUS 500g Name: Red Clay Synonyms: red clay, Roter Ton, \u010derven\u00fd j\u00edl, red clay illite Grade: Pure CAS Number: 12173-60-3 Mineral raw material of natural origin. The substance is not classified as hazardous according to GHS criteria.<\/p>\n","protected":false},"featured_media":9813,"comment_status":"open","ping_status":"closed","template":"","meta":{"inline_featured_image":false},"product_brand":[],"product_cat":[1137],"product_tag":[],"class_list":{"0":"post-9816","1":"product","2":"type-product","3":"status-publish","4":"has-post-thumbnail","6":"product_cat-red-clay","8":"first","9":"instock","10":"taxable","11":"shipping-taxable","12":"purchasable","13":"product-type-simple"},"_links":{"self":[{"href":"https:\/\/sklep.biomus.eu\/en\/wp-json\/wp\/v2\/product\/9816","targetHints":{"allow":["GET"]}}],"collection":[{"href":"https:\/\/sklep.biomus.eu\/en\/wp-json\/wp\/v2\/product"}],"about":[{"href":"https:\/\/sklep.biomus.eu\/en\/wp-json\/wp\/v2\/types\/product"}],"replies":[{"embeddable":true,"href":"https:\/\/sklep.biomus.eu\/en\/wp-json\/wp\/v2\/comments?post=9816"}],"wp:featuredmedia":[{"embeddable":true,"href":"https:\/\/sklep.biomus.eu\/en\/wp-json\/wp\/v2\/media\/9813"}],"wp:attachment":[{"href":"https:\/\/sklep.biomus.eu\/en\/wp-json\/wp\/v2\/media?parent=9816"}],"wp:term":[{"taxonomy":"product_brand","embeddable":true,"href":"https:\/\/sklep.biomus.eu\/en\/wp-json\/wp\/v2\/product_brand?post=9816"},{"taxonomy":"product_cat","embeddable":true,"href":"https:\/\/sklep.biomus.eu\/en\/wp-json\/wp\/v2\/product_cat?post=9816"},{"taxonomy":"product_tag","embeddable":true,"href":"https:\/\/sklep.biomus.eu\/en\/wp-json\/wp\/v2\/product_tag?post=9816"}],"curies":[{"name":"wp","href":"https:\/\/api.w.org\/{rel}","templated":true}]}}